{"id":293,"date":"2014-05-26T10:06:01","date_gmt":"2014-05-26T00:06:01","guid":{"rendered":"https:\/\/metguard.com\/wordpress\/?page_id=293"},"modified":"2014-05-26T10:06:01","modified_gmt":"2014-05-26T00:06:01","slug":"lesione-al-metatarso","status":"publish","type":"page","link":"https:\/\/metguard.com\/?page_id=293&lang=it","title":{"rendered":"Lesione al metatarso"},"content":{"rendered":"<p>Le lesioni del metatarso sono tra le lesioni traumatiche del piede pi\u00f9 frequenti e provocano un dolore debilitante e una perdita di ore di lavoro.<\/p>\n<p>Il metatarso consiste in cinque lunghe ossa del piede, numerate a partire dall&#8217;interno del piede. Il pi\u00f9 grande di tali ossa, il 1\u00b0 osso metatarsale, \u00e8 il pi\u00f9 esposto alle lesioni e rischia di essere danneggiato pi\u00f9 facilmente dal contatto con carichi pesanti. Questo osso \u00e8 collegato all&#8217;alluce ed \u00e8 l&#8217;osso responsabile della distribuzione del peso quando si cammina. Le altre quattro ossa, dal 2\u00b0 al 5\u00b0 osso metatarsale, sono collegate a loro volta alle altre quattro dita del piede e contribuiscono al bilanciamento del peso quando si cammina. Queste ossa vengono protette dal Kanga Tuff-MetGuard per ridurre o prevenire le lesioni.<\/p>\n<p><strong>Caratteristiche della lesione al metatarso:<\/strong><\/p>\n<ul>\n<li>\u00c8 una lesione personale devastante<\/li>\n<li>Dolorosa e debilitante<\/li>\n<li>Necessita di un lungo periodo di riabilitazione<\/li>\n<li>Solitamente provoca un&#8217;assenza prolungata per incidente sul lavoro<\/li>\n<li>Causa costi elevati ai datori di lavoro per via del periodo di assenza del lavoratore<\/li>\n<li>Pi\u00f9 del 73% di tutte le lesioni al piede sono causate da oggetti caduti o rotolati.<\/li>\n<li>La maggior parte delle lesioni sono provocate da oggetti che pesano meno di 20 kg e che cadono da altezze inferiori a 1 metro.<\/li>\n<li>Il 23% delle lesioni al piede subite da persone che indossano calzature con punta in acciaio sono nella zona del metatarso<\/li>\n<\/ul>\n","protected":false},"excerpt":{"rendered":"<p>Le lesioni del metatarso sono tra le lesioni traumatiche del piede pi\u00f9 frequenti e provocano un dolore debilitante e una perdita di ore di lavoro. Il metatarso consiste in cinque lunghe ossa del piede, numerate a partire dall&#8217;interno del piede. Il pi\u00f9 grande di tali ossa, il 1\u00b0 osso metatarsale, \u00e8 il pi\u00f9 esposto alle lesioni e rischia di essere danneggiato pi\u00f9 facilmente dal contatto con carichi pesanti. Questo osso \u00e8 collegato all&#8217;alluce ed \u00e8 l&#8217;osso responsabile della distribuzione del peso quando si cammina. Le altre quattro ossa, dal 2\u00b0 al 5\u00b0 osso metatarsale, sono collegate a loro volta alle altre quattro dita del piede e contribuiscono al bilanciamento del [&hellip;]<\/p>\n","protected":false},"author":1,"featured_media":191,"parent":0,"menu_order":0,"comment_status":"open","ping_status":"open","template":"","meta":{"_acf_changed":false,"footnotes":""},"class_list":["post-293","page","type-page","status-publish","has-post-thumbnail","hentry"],"acf":[],"yoast_head":"<!-- This site is optimized with the Yoast SEO plugin v27.5 - https:\/\/yoast.com\/product\/yoast-seo-wordpress\/ -->\n<title>Lesione al metatarso - Metguard<\/title>\n<meta name=\"robots\" content=\"index, follow, max-snippet:-1, max-image-preview:large, max-video-preview:-1\" \/>\n<link rel=\"canonical\" href=\"https:\/\/metguard.com\/?page_id=293&lang=it\" \/>\n<meta property=\"og:locale\" content=\"en_US\" \/>\n<meta property=\"og:type\" content=\"article\" \/>\n<meta property=\"og:title\" content=\"Lesione al metatarso - Metguard\" \/>\n<meta property=\"og:description\" content=\"Le lesioni del metatarso sono tra le lesioni traumatiche del piede pi\u00f9 frequenti e provocano un dolore debilitante e una perdita di ore di lavoro. Il metatarso consiste in cinque lunghe ossa del piede, numerate a partire dall&#8217;interno del piede. Il pi\u00f9 grande di tali ossa, il 1\u00b0 osso metatarsale, \u00e8 il pi\u00f9 esposto alle lesioni e rischia di essere danneggiato pi\u00f9 facilmente dal contatto con carichi pesanti. Questo osso \u00e8 collegato all&#8217;alluce ed \u00e8 l&#8217;osso responsabile della distribuzione del peso quando si cammina. Le altre quattro ossa, dal 2\u00b0 al 5\u00b0 osso metatarsale, sono collegate a loro volta alle altre quattro dita del piede e contribuiscono al bilanciamento del [&hellip;]\" \/>\n<meta property=\"og:url\" content=\"https:\/\/metguard.com\/?page_id=293&amp;lang=it\" \/>\n<meta property=\"og:site_name\" content=\"Metguard\" \/>\n<meta property=\"og:image\" content=\"https:\/\/metguard.com\/wp-content\/uploads\/2014\/02\/metartarsal.jpg\" \/>\n\t<meta property=\"og:image:width\" content=\"677\" \/>\n\t<meta property=\"og:image:height\" content=\"175\" \/>\n\t<meta property=\"og:image:type\" content=\"image\/jpeg\" \/>\n<meta name=\"twitter:card\" content=\"summary_large_image\" \/>\n<meta name=\"twitter:label1\" content=\"Est. reading time\" \/>\n\t<meta name=\"twitter:data1\" content=\"1 minute\" \/>\n<script type=\"application\/ld+json\" class=\"yoast-schema-graph\">{\"@context\":\"https:\\\/\\\/schema.org\",\"@graph\":[{\"@type\":\"WebPage\",\"@id\":\"https:\\\/\\\/metguard.com\\\/?page_id=293&lang=it\",\"url\":\"https:\\\/\\\/metguard.com\\\/?page_id=293&lang=it\",\"name\":\"Lesione al metatarso - Metguard\",\"isPartOf\":{\"@id\":\"https:\\\/\\\/metguard.com\\\/#website\"},\"primaryImageOfPage\":{\"@id\":\"https:\\\/\\\/metguard.com\\\/?page_id=293&lang=it#primaryimage\"},\"image\":{\"@id\":\"https:\\\/\\\/metguard.com\\\/?page_id=293&lang=it#primaryimage\"},\"thumbnailUrl\":\"https:\\\/\\\/metguard.com\\\/wp-content\\\/uploads\\\/2014\\\/02\\\/metartarsal.jpg\",\"datePublished\":\"2014-05-26T00:06:01+00:00\",\"breadcrumb\":{\"@id\":\"https:\\\/\\\/metguard.com\\\/?page_id=293&lang=it#breadcrumb\"},\"inLanguage\":\"en-US\",\"potentialAction\":[{\"@type\":\"ReadAction\",\"target\":[\"https:\\\/\\\/metguard.com\\\/?page_id=293&lang=it\"]}]},{\"@type\":\"ImageObject\",\"inLanguage\":\"en-US\",\"@id\":\"https:\\\/\\\/metguard.com\\\/?page_id=293&lang=it#primaryimage\",\"url\":\"https:\\\/\\\/metguard.com\\\/wp-content\\\/uploads\\\/2014\\\/02\\\/metartarsal.jpg\",\"contentUrl\":\"https:\\\/\\\/metguard.com\\\/wp-content\\\/uploads\\\/2014\\\/02\\\/metartarsal.jpg\",\"width\":677,\"height\":175},{\"@type\":\"BreadcrumbList\",\"@id\":\"https:\\\/\\\/metguard.com\\\/?page_id=293&lang=it#breadcrumb\",\"itemListElement\":[{\"@type\":\"ListItem\",\"position\":1,\"name\":\"Home\",\"item\":\"https:\\\/\\\/metguard.com\\\/\"},{\"@type\":\"ListItem\",\"position\":2,\"name\":\"Lesione al metatarso\"}]},{\"@type\":\"WebSite\",\"@id\":\"https:\\\/\\\/metguard.com\\\/#website\",\"url\":\"https:\\\/\\\/metguard.com\\\/\",\"name\":\"Metguard\",\"description\":\"Worker foot protection\",\"potentialAction\":[{\"@type\":\"SearchAction\",\"target\":{\"@type\":\"EntryPoint\",\"urlTemplate\":\"https:\\\/\\\/metguard.com\\\/?s={search_term_string}\"},\"query-input\":{\"@type\":\"PropertyValueSpecification\",\"valueRequired\":true,\"valueName\":\"search_term_string\"}}],\"inLanguage\":\"en-US\"}]}<\/script>\n<!-- \/ Yoast SEO plugin. -->","yoast_head_json":{"title":"Lesione al metatarso - Metguard","robots":{"index":"index","follow":"follow","max-snippet":"max-snippet:-1","max-image-preview":"max-image-preview:large","max-video-preview":"max-video-preview:-1"},"canonical":"https:\/\/metguard.com\/?page_id=293&lang=it","og_locale":"en_US","og_type":"article","og_title":"Lesione al metatarso - Metguard","og_description":"Le lesioni del metatarso sono tra le lesioni traumatiche del piede pi\u00f9 frequenti e provocano un dolore debilitante e una perdita di ore di lavoro. Il metatarso consiste in cinque lunghe ossa del piede, numerate a partire dall&#8217;interno del piede. Il pi\u00f9 grande di tali ossa, il 1\u00b0 osso metatarsale, \u00e8 il pi\u00f9 esposto alle lesioni e rischia di essere danneggiato pi\u00f9 facilmente dal contatto con carichi pesanti. Questo osso \u00e8 collegato all&#8217;alluce ed \u00e8 l&#8217;osso responsabile della distribuzione del peso quando si cammina. Le altre quattro ossa, dal 2\u00b0 al 5\u00b0 osso metatarsale, sono collegate a loro volta alle altre quattro dita del piede e contribuiscono al bilanciamento del [&hellip;]","og_url":"https:\/\/metguard.com\/?page_id=293&lang=it","og_site_name":"Metguard","og_image":[{"width":677,"height":175,"url":"https:\/\/metguard.com\/wp-content\/uploads\/2014\/02\/metartarsal.jpg","type":"image\/jpeg"}],"twitter_card":"summary_large_image","twitter_misc":{"Est. reading time":"1 minute"},"schema":{"@context":"https:\/\/schema.org","@graph":[{"@type":"WebPage","@id":"https:\/\/metguard.com\/?page_id=293&lang=it","url":"https:\/\/metguard.com\/?page_id=293&lang=it","name":"Lesione al metatarso - Metguard","isPartOf":{"@id":"https:\/\/metguard.com\/#website"},"primaryImageOfPage":{"@id":"https:\/\/metguard.com\/?page_id=293&lang=it#primaryimage"},"image":{"@id":"https:\/\/metguard.com\/?page_id=293&lang=it#primaryimage"},"thumbnailUrl":"https:\/\/metguard.com\/wp-content\/uploads\/2014\/02\/metartarsal.jpg","datePublished":"2014-05-26T00:06:01+00:00","breadcrumb":{"@id":"https:\/\/metguard.com\/?page_id=293&lang=it#breadcrumb"},"inLanguage":"en-US","potentialAction":[{"@type":"ReadAction","target":["https:\/\/metguard.com\/?page_id=293&lang=it"]}]},{"@type":"ImageObject","inLanguage":"en-US","@id":"https:\/\/metguard.com\/?page_id=293&lang=it#primaryimage","url":"https:\/\/metguard.com\/wp-content\/uploads\/2014\/02\/metartarsal.jpg","contentUrl":"https:\/\/metguard.com\/wp-content\/uploads\/2014\/02\/metartarsal.jpg","width":677,"height":175},{"@type":"BreadcrumbList","@id":"https:\/\/metguard.com\/?page_id=293&lang=it#breadcrumb","itemListElement":[{"@type":"ListItem","position":1,"name":"Home","item":"https:\/\/metguard.com\/"},{"@type":"ListItem","position":2,"name":"Lesione al metatarso"}]},{"@type":"WebSite","@id":"https:\/\/metguard.com\/#website","url":"https:\/\/metguard.com\/","name":"Metguard","description":"Worker foot protection","potentialAction":[{"@type":"SearchAction","target":{"@type":"EntryPoint","urlTemplate":"https:\/\/metguard.com\/?s={search_term_string}"},"query-input":{"@type":"PropertyValueSpecification","valueRequired":true,"valueName":"search_term_string"}}],"inLanguage":"en-US"}]}},"_links":{"self":[{"href":"https:\/\/metguard.com\/index.php?rest_route=\/wp\/v2\/pages\/293","targetHints":{"allow":["GET"]}}],"collection":[{"href":"https:\/\/metguard.com\/index.php?rest_route=\/wp\/v2\/pages"}],"about":[{"href":"https:\/\/metguard.com\/index.php?rest_route=\/wp\/v2\/types\/page"}],"author":[{"embeddable":true,"href":"https:\/\/metguard.com\/index.php?rest_route=\/wp\/v2\/users\/1"}],"replies":[{"embeddable":true,"href":"https:\/\/metguard.com\/index.php?rest_route=%2Fwp%2Fv2%2Fcomments&post=293"}],"version-history":[{"count":1,"href":"https:\/\/metguard.com\/index.php?rest_route=\/wp\/v2\/pages\/293\/revisions"}],"predecessor-version":[{"id":294,"href":"https:\/\/metguard.com\/index.php?rest_route=\/wp\/v2\/pages\/293\/revisions\/294"}],"wp:featuredmedia":[{"embeddable":true,"href":"https:\/\/metguard.com\/index.php?rest_route=\/wp\/v2\/media\/191"}],"wp:attachment":[{"href":"https:\/\/metguard.com\/index.php?rest_route=%2Fwp%2Fv2%2Fmedia&parent=293"}],"curies":[{"name":"wp","href":"https:\/\/api.w.org\/{rel}","templated":true}]}}