{"id":275,"date":"2014-05-26T09:44:04","date_gmt":"2014-05-25T23:44:04","guid":{"rendered":"https:\/\/metguard.com\/wordpress\/?page_id=275"},"modified":"2014-05-26T09:44:20","modified_gmt":"2014-05-25T23:44:20","slug":"verletzung-des-mittelfusknochens","status":"publish","type":"page","link":"https:\/\/metguard.com\/?page_id=275&lang=de","title":{"rendered":"Verletzung des Mittelfu\u00dfknochens"},"content":{"rendered":"<p>Verletzungen des Mittelfu\u00dfknochens sind die h\u00e4ufigsten traumatischen Fu\u00dfverletzungen, die l\u00e4hmende Schmerzen und Arbeitszeitverlust verursachen.<\/p>\n<p>Der Mittelfu\u00df besteht aus den f\u00fcnf langen Fu\u00dfknochen, die von der Mitte aus nummeriert werden. Der gr\u00f6\u00dfere dieser Knochen, der OS Metatarsal 1 liegt am meisten frei und wird eher durch Kontakt mit schwerer Ladung verletzt. Dieser Knochen ist der Mittelfu\u00dfknochen, der an der &#8216;Gro\u00dfzehe&#8217; oder dem gro\u00dfen Zeh und dem Knochen, der f\u00fcr die Gewichtverteilung beim Gehen zust\u00e4ndig ist, befestigt ist. Die \u00fcbrigen vier Knochen, OS Metatarsale 2 &#8216; 5 sind wiederum an den \u00fcbrigen vier Fu\u00dfzehen angegliedert und helfen mit dem Gleichgewicht beim Gehen. Diese Knochen werden von der Kanga Tuff-MetGuard besch\u00fctzt, um eine Verletzung zu vermindern oder zu verhindern.<\/p>\n<p><strong>Fakten \u00fcber Verletzungen des Mittelfu\u00dfknochens:<\/strong><\/p>\n<ul>\n<li>Ist eine verheerende pers\u00f6nliche Verletzung<\/li>\n<li>Schmerzhaft und l\u00e4hmend<\/li>\n<li>Erfordert einen langzeitigen Rehabilitationsprozess<\/li>\n<li>Typischerweise eine Verletzung, die mit hohem Zeitverlust einhergeht<\/li>\n<li>Verursacht hohe Kosten f\u00fcr die Arbeitgeber wegen Ausfallzeiten der Arbeiter<\/li>\n<li>Fallende und rollende Objekte verursachen mehr als 73% aller Fu\u00dfverletzungen<\/li>\n<li>Die meisten Verletzungen werden von Objekten verursacht, die weniger als 20kg wiegen und weniger als 1 Meter fallen.<\/li>\n<li>23% der Fu\u00dfverletzungen, die Leuten passieren, die Schuhe mit Stahl-Zehenschutzkappen tragen, sind Sch\u00e4den im Bereich des Mittelfu\u00dfknochens<\/li>\n<\/ul>\n","protected":false},"excerpt":{"rendered":"<p>Verletzungen des Mittelfu\u00dfknochens sind die h\u00e4ufigsten traumatischen Fu\u00dfverletzungen, die l\u00e4hmende Schmerzen und Arbeitszeitverlust verursachen. Der Mittelfu\u00df besteht aus den f\u00fcnf langen Fu\u00dfknochen, die von der Mitte aus nummeriert werden. Der gr\u00f6\u00dfere dieser Knochen, der OS Metatarsal 1 liegt am meisten frei und wird eher durch Kontakt mit schwerer Ladung verletzt. Dieser Knochen ist der Mittelfu\u00dfknochen, der an der &#8216;Gro\u00dfzehe&#8217; oder dem gro\u00dfen Zeh und dem Knochen, der f\u00fcr die Gewichtverteilung beim Gehen zust\u00e4ndig ist, befestigt ist. Die \u00fcbrigen vier Knochen, OS Metatarsale 2 &#8216; 5 sind wiederum an den \u00fcbrigen vier Fu\u00dfzehen angegliedert und helfen mit dem Gleichgewicht beim Gehen. Diese Knochen werden von der Kanga Tuff-MetGuard besch\u00fctzt, um eine [&hellip;]<\/p>\n","protected":false},"author":1,"featured_media":191,"parent":0,"menu_order":0,"comment_status":"open","ping_status":"open","template":"","meta":{"_acf_changed":false,"footnotes":""},"class_list":["post-275","page","type-page","status-publish","has-post-thumbnail","hentry"],"acf":[],"yoast_head":"<!-- This site is optimized with the Yoast SEO plugin v27.5 - https:\/\/yoast.com\/product\/yoast-seo-wordpress\/ -->\n<title>Verletzung des Mittelfu\u00dfknochens - Metguard<\/title>\n<meta name=\"robots\" content=\"index, follow, max-snippet:-1, max-image-preview:large, max-video-preview:-1\" \/>\n<link rel=\"canonical\" href=\"https:\/\/metguard.com\/?page_id=275&lang=de\" \/>\n<meta property=\"og:locale\" content=\"en_US\" \/>\n<meta property=\"og:type\" content=\"article\" \/>\n<meta property=\"og:title\" content=\"Verletzung des Mittelfu\u00dfknochens - Metguard\" \/>\n<meta property=\"og:description\" content=\"Verletzungen des Mittelfu\u00dfknochens sind die h\u00e4ufigsten traumatischen Fu\u00dfverletzungen, die l\u00e4hmende Schmerzen und Arbeitszeitverlust verursachen. Der Mittelfu\u00df besteht aus den f\u00fcnf langen Fu\u00dfknochen, die von der Mitte aus nummeriert werden. Der gr\u00f6\u00dfere dieser Knochen, der OS Metatarsal 1 liegt am meisten frei und wird eher durch Kontakt mit schwerer Ladung verletzt. Dieser Knochen ist der Mittelfu\u00dfknochen, der an der &#8216;Gro\u00dfzehe&#8217; oder dem gro\u00dfen Zeh und dem Knochen, der f\u00fcr die Gewichtverteilung beim Gehen zust\u00e4ndig ist, befestigt ist. Die \u00fcbrigen vier Knochen, OS Metatarsale 2 &#8216; 5 sind wiederum an den \u00fcbrigen vier Fu\u00dfzehen angegliedert und helfen mit dem Gleichgewicht beim Gehen. Diese Knochen werden von der Kanga Tuff-MetGuard besch\u00fctzt, um eine [&hellip;]\" \/>\n<meta property=\"og:url\" content=\"https:\/\/metguard.com\/?page_id=275&amp;lang=de\" \/>\n<meta property=\"og:site_name\" content=\"Metguard\" \/>\n<meta property=\"article:modified_time\" content=\"2014-05-25T23:44:20+00:00\" \/>\n<meta property=\"og:image\" content=\"https:\/\/metguard.com\/wp-content\/uploads\/2014\/02\/metartarsal.jpg\" \/>\n\t<meta property=\"og:image:width\" content=\"677\" \/>\n\t<meta property=\"og:image:height\" content=\"175\" \/>\n\t<meta property=\"og:image:type\" content=\"image\/jpeg\" \/>\n<meta name=\"twitter:card\" content=\"summary_large_image\" \/>\n<meta name=\"twitter:label1\" content=\"Est. reading time\" \/>\n\t<meta name=\"twitter:data1\" content=\"1 minute\" \/>\n<script type=\"application\/ld+json\" class=\"yoast-schema-graph\">{\"@context\":\"https:\\\/\\\/schema.org\",\"@graph\":[{\"@type\":\"WebPage\",\"@id\":\"https:\\\/\\\/metguard.com\\\/?page_id=275&lang=de\",\"url\":\"https:\\\/\\\/metguard.com\\\/?page_id=275&lang=de\",\"name\":\"Verletzung des Mittelfu\u00dfknochens - Metguard\",\"isPartOf\":{\"@id\":\"https:\\\/\\\/metguard.com\\\/#website\"},\"primaryImageOfPage\":{\"@id\":\"https:\\\/\\\/metguard.com\\\/?page_id=275&lang=de#primaryimage\"},\"image\":{\"@id\":\"https:\\\/\\\/metguard.com\\\/?page_id=275&lang=de#primaryimage\"},\"thumbnailUrl\":\"https:\\\/\\\/metguard.com\\\/wp-content\\\/uploads\\\/2014\\\/02\\\/metartarsal.jpg\",\"datePublished\":\"2014-05-25T23:44:04+00:00\",\"dateModified\":\"2014-05-25T23:44:20+00:00\",\"breadcrumb\":{\"@id\":\"https:\\\/\\\/metguard.com\\\/?page_id=275&lang=de#breadcrumb\"},\"inLanguage\":\"en-US\",\"potentialAction\":[{\"@type\":\"ReadAction\",\"target\":[\"https:\\\/\\\/metguard.com\\\/?page_id=275&lang=de\"]}]},{\"@type\":\"ImageObject\",\"inLanguage\":\"en-US\",\"@id\":\"https:\\\/\\\/metguard.com\\\/?page_id=275&lang=de#primaryimage\",\"url\":\"https:\\\/\\\/metguard.com\\\/wp-content\\\/uploads\\\/2014\\\/02\\\/metartarsal.jpg\",\"contentUrl\":\"https:\\\/\\\/metguard.com\\\/wp-content\\\/uploads\\\/2014\\\/02\\\/metartarsal.jpg\",\"width\":677,\"height\":175},{\"@type\":\"BreadcrumbList\",\"@id\":\"https:\\\/\\\/metguard.com\\\/?page_id=275&lang=de#breadcrumb\",\"itemListElement\":[{\"@type\":\"ListItem\",\"position\":1,\"name\":\"Home\",\"item\":\"https:\\\/\\\/metguard.com\\\/\"},{\"@type\":\"ListItem\",\"position\":2,\"name\":\"Verletzung des Mittelfu\u00dfknochens\"}]},{\"@type\":\"WebSite\",\"@id\":\"https:\\\/\\\/metguard.com\\\/#website\",\"url\":\"https:\\\/\\\/metguard.com\\\/\",\"name\":\"Metguard\",\"description\":\"Worker foot protection\",\"potentialAction\":[{\"@type\":\"SearchAction\",\"target\":{\"@type\":\"EntryPoint\",\"urlTemplate\":\"https:\\\/\\\/metguard.com\\\/?s={search_term_string}\"},\"query-input\":{\"@type\":\"PropertyValueSpecification\",\"valueRequired\":true,\"valueName\":\"search_term_string\"}}],\"inLanguage\":\"en-US\"}]}<\/script>\n<!-- \/ Yoast SEO plugin. -->","yoast_head_json":{"title":"Verletzung des Mittelfu\u00dfknochens - Metguard","robots":{"index":"index","follow":"follow","max-snippet":"max-snippet:-1","max-image-preview":"max-image-preview:large","max-video-preview":"max-video-preview:-1"},"canonical":"https:\/\/metguard.com\/?page_id=275&lang=de","og_locale":"en_US","og_type":"article","og_title":"Verletzung des Mittelfu\u00dfknochens - Metguard","og_description":"Verletzungen des Mittelfu\u00dfknochens sind die h\u00e4ufigsten traumatischen Fu\u00dfverletzungen, die l\u00e4hmende Schmerzen und Arbeitszeitverlust verursachen. Der Mittelfu\u00df besteht aus den f\u00fcnf langen Fu\u00dfknochen, die von der Mitte aus nummeriert werden. Der gr\u00f6\u00dfere dieser Knochen, der OS Metatarsal 1 liegt am meisten frei und wird eher durch Kontakt mit schwerer Ladung verletzt. Dieser Knochen ist der Mittelfu\u00dfknochen, der an der &#8216;Gro\u00dfzehe&#8217; oder dem gro\u00dfen Zeh und dem Knochen, der f\u00fcr die Gewichtverteilung beim Gehen zust\u00e4ndig ist, befestigt ist. Die \u00fcbrigen vier Knochen, OS Metatarsale 2 &#8216; 5 sind wiederum an den \u00fcbrigen vier Fu\u00dfzehen angegliedert und helfen mit dem Gleichgewicht beim Gehen. Diese Knochen werden von der Kanga Tuff-MetGuard besch\u00fctzt, um eine [&hellip;]","og_url":"https:\/\/metguard.com\/?page_id=275&lang=de","og_site_name":"Metguard","article_modified_time":"2014-05-25T23:44:20+00:00","og_image":[{"width":677,"height":175,"url":"https:\/\/metguard.com\/wp-content\/uploads\/2014\/02\/metartarsal.jpg","type":"image\/jpeg"}],"twitter_card":"summary_large_image","twitter_misc":{"Est. reading time":"1 minute"},"schema":{"@context":"https:\/\/schema.org","@graph":[{"@type":"WebPage","@id":"https:\/\/metguard.com\/?page_id=275&lang=de","url":"https:\/\/metguard.com\/?page_id=275&lang=de","name":"Verletzung des Mittelfu\u00dfknochens - Metguard","isPartOf":{"@id":"https:\/\/metguard.com\/#website"},"primaryImageOfPage":{"@id":"https:\/\/metguard.com\/?page_id=275&lang=de#primaryimage"},"image":{"@id":"https:\/\/metguard.com\/?page_id=275&lang=de#primaryimage"},"thumbnailUrl":"https:\/\/metguard.com\/wp-content\/uploads\/2014\/02\/metartarsal.jpg","datePublished":"2014-05-25T23:44:04+00:00","dateModified":"2014-05-25T23:44:20+00:00","breadcrumb":{"@id":"https:\/\/metguard.com\/?page_id=275&lang=de#breadcrumb"},"inLanguage":"en-US","potentialAction":[{"@type":"ReadAction","target":["https:\/\/metguard.com\/?page_id=275&lang=de"]}]},{"@type":"ImageObject","inLanguage":"en-US","@id":"https:\/\/metguard.com\/?page_id=275&lang=de#primaryimage","url":"https:\/\/metguard.com\/wp-content\/uploads\/2014\/02\/metartarsal.jpg","contentUrl":"https:\/\/metguard.com\/wp-content\/uploads\/2014\/02\/metartarsal.jpg","width":677,"height":175},{"@type":"BreadcrumbList","@id":"https:\/\/metguard.com\/?page_id=275&lang=de#breadcrumb","itemListElement":[{"@type":"ListItem","position":1,"name":"Home","item":"https:\/\/metguard.com\/"},{"@type":"ListItem","position":2,"name":"Verletzung des Mittelfu\u00dfknochens"}]},{"@type":"WebSite","@id":"https:\/\/metguard.com\/#website","url":"https:\/\/metguard.com\/","name":"Metguard","description":"Worker foot protection","potentialAction":[{"@type":"SearchAction","target":{"@type":"EntryPoint","urlTemplate":"https:\/\/metguard.com\/?s={search_term_string}"},"query-input":{"@type":"PropertyValueSpecification","valueRequired":true,"valueName":"search_term_string"}}],"inLanguage":"en-US"}]}},"_links":{"self":[{"href":"https:\/\/metguard.com\/index.php?rest_route=\/wp\/v2\/pages\/275","targetHints":{"allow":["GET"]}}],"collection":[{"href":"https:\/\/metguard.com\/index.php?rest_route=\/wp\/v2\/pages"}],"about":[{"href":"https:\/\/metguard.com\/index.php?rest_route=\/wp\/v2\/types\/page"}],"author":[{"embeddable":true,"href":"https:\/\/metguard.com\/index.php?rest_route=\/wp\/v2\/users\/1"}],"replies":[{"embeddable":true,"href":"https:\/\/metguard.com\/index.php?rest_route=%2Fwp%2Fv2%2Fcomments&post=275"}],"version-history":[{"count":2,"href":"https:\/\/metguard.com\/index.php?rest_route=\/wp\/v2\/pages\/275\/revisions"}],"predecessor-version":[{"id":277,"href":"https:\/\/metguard.com\/index.php?rest_route=\/wp\/v2\/pages\/275\/revisions\/277"}],"wp:featuredmedia":[{"embeddable":true,"href":"https:\/\/metguard.com\/index.php?rest_route=\/wp\/v2\/media\/191"}],"wp:attachment":[{"href":"https:\/\/metguard.com\/index.php?rest_route=%2Fwp%2Fv2%2Fmedia&parent=275"}],"curies":[{"name":"wp","href":"https:\/\/api.w.org\/{rel}","templated":true}]}}