{"id":270,"date":"2014-05-26T09:38:51","date_gmt":"2014-05-25T23:38:51","guid":{"rendered":"https:\/\/metguard.com\/wordpress\/?page_id=270"},"modified":"2014-05-26T09:38:51","modified_gmt":"2014-05-25T23:38:51","slug":"uber-metguard","status":"publish","type":"page","link":"https:\/\/metguard.com\/?page_id=270&lang=de","title":{"rendered":"\u00dcber MetGuard"},"content":{"rendered":"<p>Das MetGuard-Design erm\u00f6glicht es, es leicht an alle Arten von Schuhen mit Sicherheitszehen anzupassen. Es wird entweder mit den bei den Schuhen schon vorhandenen Schn\u00fcrsenkeln festgebunden oder mit Metguard-Riemen. Dies wurde entworfen, um Schuhe mit Sicherheitszehen zu erg\u00e4nzen und die eigenen Sicherheitsnormen der Schuhe beizubehalten.<\/p>\n<p>Getestet, um Schlagz\u00e4higkeitnormen des Mittelfu\u00dfknochens gerecht zu werden, sitzt die Lippe des MetGuard auf der Kappe der Sicherheitszehen beim Ladepunkt, und bietet Schutz f\u00fcr den Mittelfu\u00dfknochen.<\/p>\n<p>Geeignet zur Anwendung in allen Arbeitsbereichen und Industrien, ist MetGuard entworfen worden, um die Oberseite des Fu\u00dfes vor Verletzungen des Mittelfu\u00dfknochens zu sch\u00fctzen, indem der Aufprall von fallenden und rollenden Ladungen abgewendet wird und die Sto\u00dfbelastung verteilt oder verlagert.<\/p>\n<p>Getestet auf Schlagz\u00e4higkeitnormen des Mittelfu\u00dfknochens:<\/p>\n<ul>\n<li>F2412-05 ASTM Klausel 7, F2413-05 ASTM Klausel 5.3<\/li>\n<li>ISO 20344:2004 Klausel 5.16, ISO 20345:2004 Klausel 6.2.6<\/li>\n<li>AS\/NZS 2210.7 Klausel 4.5.2 \u2018 Anwendung bei Schuhen AS\/NZS 2210.3 genehmigt<\/li>\n<li>Getestet auf EN 13634:2004 Klausel 6.3, EN 14120:2007 Klausel 6.5<\/li>\n<li>Bei Nutzung in Europa, darf MetGuard nur mit CE zertifizierten Schuhen gem\u00e4\u00df EN 20345, EN 20346 &amp; EN 20347 benutzt werden (relevante Normen genehmigte Schuhe mit Sicherheitszehen)<\/li>\n<\/ul>\n","protected":false},"excerpt":{"rendered":"<p>Das MetGuard-Design erm\u00f6glicht es, es leicht an alle Arten von Schuhen mit Sicherheitszehen anzupassen. Es wird entweder mit den bei den Schuhen schon vorhandenen Schn\u00fcrsenkeln festgebunden oder mit Metguard-Riemen. Dies wurde entworfen, um Schuhe mit Sicherheitszehen zu erg\u00e4nzen und die eigenen Sicherheitsnormen der Schuhe beizubehalten. Getestet, um Schlagz\u00e4higkeitnormen des Mittelfu\u00dfknochens gerecht zu werden, sitzt die Lippe des MetGuard auf der Kappe der Sicherheitszehen beim Ladepunkt, und bietet Schutz f\u00fcr den Mittelfu\u00dfknochen. Geeignet zur Anwendung in allen Arbeitsbereichen und Industrien, ist MetGuard entworfen worden, um die Oberseite des Fu\u00dfes vor Verletzungen des Mittelfu\u00dfknochens zu sch\u00fctzen, indem der Aufprall von fallenden und rollenden Ladungen abgewendet wird und die Sto\u00dfbelastung verteilt oder verlagert. [&hellip;]<\/p>\n","protected":false},"author":1,"featured_media":186,"parent":0,"menu_order":0,"comment_status":"open","ping_status":"open","template":"","meta":{"_acf_changed":false,"footnotes":""},"class_list":["post-270","page","type-page","status-publish","has-post-thumbnail","hentry"],"acf":[],"yoast_head":"<!-- This site is optimized with the Yoast SEO plugin v27.5 - https:\/\/yoast.com\/product\/yoast-seo-wordpress\/ -->\n<title>\u00dcber MetGuard - Metguard<\/title>\n<meta name=\"robots\" content=\"index, follow, max-snippet:-1, max-image-preview:large, max-video-preview:-1\" \/>\n<link rel=\"canonical\" href=\"https:\/\/metguard.com\/?page_id=270&lang=de\" \/>\n<meta property=\"og:locale\" content=\"en_US\" \/>\n<meta property=\"og:type\" content=\"article\" \/>\n<meta property=\"og:title\" content=\"\u00dcber MetGuard - Metguard\" \/>\n<meta property=\"og:description\" content=\"Das MetGuard-Design erm\u00f6glicht es, es leicht an alle Arten von Schuhen mit Sicherheitszehen anzupassen. Es wird entweder mit den bei den Schuhen schon vorhandenen Schn\u00fcrsenkeln festgebunden oder mit Metguard-Riemen. Dies wurde entworfen, um Schuhe mit Sicherheitszehen zu erg\u00e4nzen und die eigenen Sicherheitsnormen der Schuhe beizubehalten. Getestet, um Schlagz\u00e4higkeitnormen des Mittelfu\u00dfknochens gerecht zu werden, sitzt die Lippe des MetGuard auf der Kappe der Sicherheitszehen beim Ladepunkt, und bietet Schutz f\u00fcr den Mittelfu\u00dfknochen. Geeignet zur Anwendung in allen Arbeitsbereichen und Industrien, ist MetGuard entworfen worden, um die Oberseite des Fu\u00dfes vor Verletzungen des Mittelfu\u00dfknochens zu sch\u00fctzen, indem der Aufprall von fallenden und rollenden Ladungen abgewendet wird und die Sto\u00dfbelastung verteilt oder verlagert. [&hellip;]\" \/>\n<meta property=\"og:url\" content=\"https:\/\/metguard.com\/?page_id=270&amp;lang=de\" \/>\n<meta property=\"og:site_name\" content=\"Metguard\" \/>\n<meta property=\"og:image\" content=\"https:\/\/metguard.com\/wp-content\/uploads\/2014\/02\/metguard-group.png\" \/>\n\t<meta property=\"og:image:width\" content=\"677\" \/>\n\t<meta property=\"og:image:height\" content=\"175\" \/>\n\t<meta property=\"og:image:type\" content=\"image\/png\" \/>\n<meta name=\"twitter:card\" content=\"summary_large_image\" \/>\n<meta name=\"twitter:label1\" content=\"Est. reading time\" \/>\n\t<meta name=\"twitter:data1\" content=\"1 minute\" \/>\n<script type=\"application\/ld+json\" class=\"yoast-schema-graph\">{\"@context\":\"https:\\\/\\\/schema.org\",\"@graph\":[{\"@type\":\"WebPage\",\"@id\":\"https:\\\/\\\/metguard.com\\\/?page_id=270&lang=de\",\"url\":\"https:\\\/\\\/metguard.com\\\/?page_id=270&lang=de\",\"name\":\"\u00dcber MetGuard - Metguard\",\"isPartOf\":{\"@id\":\"https:\\\/\\\/metguard.com\\\/#website\"},\"primaryImageOfPage\":{\"@id\":\"https:\\\/\\\/metguard.com\\\/?page_id=270&lang=de#primaryimage\"},\"image\":{\"@id\":\"https:\\\/\\\/metguard.com\\\/?page_id=270&lang=de#primaryimage\"},\"thumbnailUrl\":\"https:\\\/\\\/metguard.com\\\/wp-content\\\/uploads\\\/2014\\\/02\\\/metguard-group.png\",\"datePublished\":\"2014-05-25T23:38:51+00:00\",\"breadcrumb\":{\"@id\":\"https:\\\/\\\/metguard.com\\\/?page_id=270&lang=de#breadcrumb\"},\"inLanguage\":\"en-US\",\"potentialAction\":[{\"@type\":\"ReadAction\",\"target\":[\"https:\\\/\\\/metguard.com\\\/?page_id=270&lang=de\"]}]},{\"@type\":\"ImageObject\",\"inLanguage\":\"en-US\",\"@id\":\"https:\\\/\\\/metguard.com\\\/?page_id=270&lang=de#primaryimage\",\"url\":\"https:\\\/\\\/metguard.com\\\/wp-content\\\/uploads\\\/2014\\\/02\\\/metguard-group.png\",\"contentUrl\":\"https:\\\/\\\/metguard.com\\\/wp-content\\\/uploads\\\/2014\\\/02\\\/metguard-group.png\",\"width\":677,\"height\":175},{\"@type\":\"BreadcrumbList\",\"@id\":\"https:\\\/\\\/metguard.com\\\/?page_id=270&lang=de#breadcrumb\",\"itemListElement\":[{\"@type\":\"ListItem\",\"position\":1,\"name\":\"Home\",\"item\":\"https:\\\/\\\/metguard.com\\\/\"},{\"@type\":\"ListItem\",\"position\":2,\"name\":\"\u00dcber MetGuard\"}]},{\"@type\":\"WebSite\",\"@id\":\"https:\\\/\\\/metguard.com\\\/#website\",\"url\":\"https:\\\/\\\/metguard.com\\\/\",\"name\":\"Metguard\",\"description\":\"Worker foot protection\",\"potentialAction\":[{\"@type\":\"SearchAction\",\"target\":{\"@type\":\"EntryPoint\",\"urlTemplate\":\"https:\\\/\\\/metguard.com\\\/?s={search_term_string}\"},\"query-input\":{\"@type\":\"PropertyValueSpecification\",\"valueRequired\":true,\"valueName\":\"search_term_string\"}}],\"inLanguage\":\"en-US\"}]}<\/script>\n<!-- \/ Yoast SEO plugin. -->","yoast_head_json":{"title":"\u00dcber MetGuard - Metguard","robots":{"index":"index","follow":"follow","max-snippet":"max-snippet:-1","max-image-preview":"max-image-preview:large","max-video-preview":"max-video-preview:-1"},"canonical":"https:\/\/metguard.com\/?page_id=270&lang=de","og_locale":"en_US","og_type":"article","og_title":"\u00dcber MetGuard - Metguard","og_description":"Das MetGuard-Design erm\u00f6glicht es, es leicht an alle Arten von Schuhen mit Sicherheitszehen anzupassen. Es wird entweder mit den bei den Schuhen schon vorhandenen Schn\u00fcrsenkeln festgebunden oder mit Metguard-Riemen. Dies wurde entworfen, um Schuhe mit Sicherheitszehen zu erg\u00e4nzen und die eigenen Sicherheitsnormen der Schuhe beizubehalten. Getestet, um Schlagz\u00e4higkeitnormen des Mittelfu\u00dfknochens gerecht zu werden, sitzt die Lippe des MetGuard auf der Kappe der Sicherheitszehen beim Ladepunkt, und bietet Schutz f\u00fcr den Mittelfu\u00dfknochen. Geeignet zur Anwendung in allen Arbeitsbereichen und Industrien, ist MetGuard entworfen worden, um die Oberseite des Fu\u00dfes vor Verletzungen des Mittelfu\u00dfknochens zu sch\u00fctzen, indem der Aufprall von fallenden und rollenden Ladungen abgewendet wird und die Sto\u00dfbelastung verteilt oder verlagert. [&hellip;]","og_url":"https:\/\/metguard.com\/?page_id=270&lang=de","og_site_name":"Metguard","og_image":[{"width":677,"height":175,"url":"https:\/\/metguard.com\/wp-content\/uploads\/2014\/02\/metguard-group.png","type":"image\/png"}],"twitter_card":"summary_large_image","twitter_misc":{"Est. reading time":"1 minute"},"schema":{"@context":"https:\/\/schema.org","@graph":[{"@type":"WebPage","@id":"https:\/\/metguard.com\/?page_id=270&lang=de","url":"https:\/\/metguard.com\/?page_id=270&lang=de","name":"\u00dcber MetGuard - Metguard","isPartOf":{"@id":"https:\/\/metguard.com\/#website"},"primaryImageOfPage":{"@id":"https:\/\/metguard.com\/?page_id=270&lang=de#primaryimage"},"image":{"@id":"https:\/\/metguard.com\/?page_id=270&lang=de#primaryimage"},"thumbnailUrl":"https:\/\/metguard.com\/wp-content\/uploads\/2014\/02\/metguard-group.png","datePublished":"2014-05-25T23:38:51+00:00","breadcrumb":{"@id":"https:\/\/metguard.com\/?page_id=270&lang=de#breadcrumb"},"inLanguage":"en-US","potentialAction":[{"@type":"ReadAction","target":["https:\/\/metguard.com\/?page_id=270&lang=de"]}]},{"@type":"ImageObject","inLanguage":"en-US","@id":"https:\/\/metguard.com\/?page_id=270&lang=de#primaryimage","url":"https:\/\/metguard.com\/wp-content\/uploads\/2014\/02\/metguard-group.png","contentUrl":"https:\/\/metguard.com\/wp-content\/uploads\/2014\/02\/metguard-group.png","width":677,"height":175},{"@type":"BreadcrumbList","@id":"https:\/\/metguard.com\/?page_id=270&lang=de#breadcrumb","itemListElement":[{"@type":"ListItem","position":1,"name":"Home","item":"https:\/\/metguard.com\/"},{"@type":"ListItem","position":2,"name":"\u00dcber MetGuard"}]},{"@type":"WebSite","@id":"https:\/\/metguard.com\/#website","url":"https:\/\/metguard.com\/","name":"Metguard","description":"Worker foot protection","potentialAction":[{"@type":"SearchAction","target":{"@type":"EntryPoint","urlTemplate":"https:\/\/metguard.com\/?s={search_term_string}"},"query-input":{"@type":"PropertyValueSpecification","valueRequired":true,"valueName":"search_term_string"}}],"inLanguage":"en-US"}]}},"_links":{"self":[{"href":"https:\/\/metguard.com\/index.php?rest_route=\/wp\/v2\/pages\/270","targetHints":{"allow":["GET"]}}],"collection":[{"href":"https:\/\/metguard.com\/index.php?rest_route=\/wp\/v2\/pages"}],"about":[{"href":"https:\/\/metguard.com\/index.php?rest_route=\/wp\/v2\/types\/page"}],"author":[{"embeddable":true,"href":"https:\/\/metguard.com\/index.php?rest_route=\/wp\/v2\/users\/1"}],"replies":[{"embeddable":true,"href":"https:\/\/metguard.com\/index.php?rest_route=%2Fwp%2Fv2%2Fcomments&post=270"}],"version-history":[{"count":1,"href":"https:\/\/metguard.com\/index.php?rest_route=\/wp\/v2\/pages\/270\/revisions"}],"predecessor-version":[{"id":271,"href":"https:\/\/metguard.com\/index.php?rest_route=\/wp\/v2\/pages\/270\/revisions\/271"}],"wp:featuredmedia":[{"embeddable":true,"href":"https:\/\/metguard.com\/index.php?rest_route=\/wp\/v2\/media\/186"}],"wp:attachment":[{"href":"https:\/\/metguard.com\/index.php?rest_route=%2Fwp%2Fv2%2Fmedia&parent=270"}],"curies":[{"name":"wp","href":"https:\/\/api.w.org\/{rel}","templated":true}]}}