{"id":260,"date":"2014-05-26T09:28:28","date_gmt":"2014-05-25T23:28:28","guid":{"rendered":"https:\/\/metguard.com\/wordpress\/?page_id=260"},"modified":"2014-05-26T09:28:28","modified_gmt":"2014-05-25T23:28:28","slug":"blessure-du-metatarse","status":"publish","type":"page","link":"https:\/\/metguard.com\/?page_id=260&lang=fr","title":{"rendered":"Blessure du m\u00e9tatarse"},"content":{"rendered":"<p>Les blessures du m\u00e9tatarse sont les blessures traumatiques du pied les plus fr\u00e9quentes et causent une douleur d\u00e9bilitante et des heures de travail perdues.<\/p>\n<p>Le m\u00e9tatarse est compos\u00e9 des cinq longs os du pied, num\u00e9rot\u00e9s \u00e0 partir du c\u00f4t\u00e9 m\u00e9dial. Le plus gros de ces os, le premier m\u00e9tatarsien, est le plus expos\u00e9 et le plus susceptible d&#8217;\u00eatre endommag\u00e9 par un contact avec une charge lourde. Cet os est le m\u00e9tatarsien attach\u00e9 \u00e0 &#8220;l&#8217;hallux&#8221;, ou gros orteil, et il assure la distribution du poids lors de la marche. Les quatres autres os, les m\u00e9tatarsiens 2 \u00e0 5 sont \u00e0 leur tour reli\u00e9s aux autres orteils du pied et nous aident \u00e0 garder l&#8217;\u00e9quilibre en marchant. Ces os sont prot\u00e9g\u00e9s par le Kanga Tuff-MetGuard afin de reduire ou d&#8217;\u00e9viter les blessures.<\/p>\n<p><strong>Faits relatifs aux blessures du m\u00e9tatarse :<\/strong><\/p>\n<ul>\n<li>Est une blessure personnelle d\u00e9vastatrice<\/li>\n<li>Douloureuse et d\u00e9bilitante<\/li>\n<li>N\u00e9cessite un long processus de r\u00e9\u00e9ducation<\/li>\n<li>Habituellement une blessure entra\u00eenant une longue perte de temps de travail<\/li>\n<li>L&#8217;invalidation des employ\u00e9s cause des frais \u00e9lev\u00e9s pour les employeurs<\/li>\n<li>Les chutes d&#8217;objets et les objets roulants sont responsables de plus de 73% des blessures du pied.<\/li>\n<li>La plupart des blessures sont dues \u00e0 des objets de moins de 20kg tombant de moins de 1 m\u00e8tre.<\/li>\n<li>23% des blessures du pied des personnes portant des chaussures de s\u00e9curit\u00e9 renforc\u00e9es sont des dommages dans la r\u00e9gion m\u00e9tatarsienne<\/li>\n<\/ul>\n","protected":false},"excerpt":{"rendered":"<p>Les blessures du m\u00e9tatarse sont les blessures traumatiques du pied les plus fr\u00e9quentes et causent une douleur d\u00e9bilitante et des heures de travail perdues. Le m\u00e9tatarse est compos\u00e9 des cinq longs os du pied, num\u00e9rot\u00e9s \u00e0 partir du c\u00f4t\u00e9 m\u00e9dial. Le plus gros de ces os, le premier m\u00e9tatarsien, est le plus expos\u00e9 et le plus susceptible d&#8217;\u00eatre endommag\u00e9 par un contact avec une charge lourde. Cet os est le m\u00e9tatarsien attach\u00e9 \u00e0 &#8220;l&#8217;hallux&#8221;, ou gros orteil, et il assure la distribution du poids lors de la marche. Les quatres autres os, les m\u00e9tatarsiens 2 \u00e0 5 sont \u00e0 leur tour reli\u00e9s aux autres orteils du pied et nous aident [&hellip;]<\/p>\n","protected":false},"author":1,"featured_media":191,"parent":0,"menu_order":0,"comment_status":"open","ping_status":"open","template":"","meta":{"_acf_changed":false,"footnotes":""},"class_list":["post-260","page","type-page","status-publish","has-post-thumbnail","hentry"],"acf":[],"yoast_head":"<!-- This site is optimized with the Yoast SEO plugin v27.5 - https:\/\/yoast.com\/product\/yoast-seo-wordpress\/ -->\n<title>Blessure du m\u00e9tatarse - Metguard<\/title>\n<meta name=\"robots\" content=\"index, follow, max-snippet:-1, max-image-preview:large, max-video-preview:-1\" \/>\n<link rel=\"canonical\" href=\"https:\/\/metguard.com\/?page_id=260&lang=fr\" \/>\n<meta property=\"og:locale\" content=\"en_US\" \/>\n<meta property=\"og:type\" content=\"article\" \/>\n<meta property=\"og:title\" content=\"Blessure du m\u00e9tatarse - Metguard\" \/>\n<meta property=\"og:description\" content=\"Les blessures du m\u00e9tatarse sont les blessures traumatiques du pied les plus fr\u00e9quentes et causent une douleur d\u00e9bilitante et des heures de travail perdues. Le m\u00e9tatarse est compos\u00e9 des cinq longs os du pied, num\u00e9rot\u00e9s \u00e0 partir du c\u00f4t\u00e9 m\u00e9dial. Le plus gros de ces os, le premier m\u00e9tatarsien, est le plus expos\u00e9 et le plus susceptible d&#8217;\u00eatre endommag\u00e9 par un contact avec une charge lourde. Cet os est le m\u00e9tatarsien attach\u00e9 \u00e0 &#8220;l&#8217;hallux&#8221;, ou gros orteil, et il assure la distribution du poids lors de la marche. Les quatres autres os, les m\u00e9tatarsiens 2 \u00e0 5 sont \u00e0 leur tour reli\u00e9s aux autres orteils du pied et nous aident [&hellip;]\" \/>\n<meta property=\"og:url\" content=\"https:\/\/metguard.com\/?page_id=260&amp;lang=fr\" \/>\n<meta property=\"og:site_name\" content=\"Metguard\" \/>\n<meta property=\"og:image\" content=\"https:\/\/metguard.com\/wp-content\/uploads\/2014\/02\/metartarsal.jpg\" \/>\n\t<meta property=\"og:image:width\" content=\"677\" \/>\n\t<meta property=\"og:image:height\" content=\"175\" \/>\n\t<meta property=\"og:image:type\" content=\"image\/jpeg\" \/>\n<meta name=\"twitter:card\" content=\"summary_large_image\" \/>\n<meta name=\"twitter:label1\" content=\"Est. reading time\" \/>\n\t<meta name=\"twitter:data1\" content=\"1 minute\" \/>\n<script type=\"application\/ld+json\" class=\"yoast-schema-graph\">{\"@context\":\"https:\\\/\\\/schema.org\",\"@graph\":[{\"@type\":\"WebPage\",\"@id\":\"https:\\\/\\\/metguard.com\\\/?page_id=260&lang=fr\",\"url\":\"https:\\\/\\\/metguard.com\\\/?page_id=260&lang=fr\",\"name\":\"Blessure du m\u00e9tatarse - Metguard\",\"isPartOf\":{\"@id\":\"https:\\\/\\\/metguard.com\\\/#website\"},\"primaryImageOfPage\":{\"@id\":\"https:\\\/\\\/metguard.com\\\/?page_id=260&lang=fr#primaryimage\"},\"image\":{\"@id\":\"https:\\\/\\\/metguard.com\\\/?page_id=260&lang=fr#primaryimage\"},\"thumbnailUrl\":\"https:\\\/\\\/metguard.com\\\/wp-content\\\/uploads\\\/2014\\\/02\\\/metartarsal.jpg\",\"datePublished\":\"2014-05-25T23:28:28+00:00\",\"breadcrumb\":{\"@id\":\"https:\\\/\\\/metguard.com\\\/?page_id=260&lang=fr#breadcrumb\"},\"inLanguage\":\"en-US\",\"potentialAction\":[{\"@type\":\"ReadAction\",\"target\":[\"https:\\\/\\\/metguard.com\\\/?page_id=260&lang=fr\"]}]},{\"@type\":\"ImageObject\",\"inLanguage\":\"en-US\",\"@id\":\"https:\\\/\\\/metguard.com\\\/?page_id=260&lang=fr#primaryimage\",\"url\":\"https:\\\/\\\/metguard.com\\\/wp-content\\\/uploads\\\/2014\\\/02\\\/metartarsal.jpg\",\"contentUrl\":\"https:\\\/\\\/metguard.com\\\/wp-content\\\/uploads\\\/2014\\\/02\\\/metartarsal.jpg\",\"width\":677,\"height\":175},{\"@type\":\"BreadcrumbList\",\"@id\":\"https:\\\/\\\/metguard.com\\\/?page_id=260&lang=fr#breadcrumb\",\"itemListElement\":[{\"@type\":\"ListItem\",\"position\":1,\"name\":\"Home\",\"item\":\"https:\\\/\\\/metguard.com\\\/\"},{\"@type\":\"ListItem\",\"position\":2,\"name\":\"Blessure du m\u00e9tatarse\"}]},{\"@type\":\"WebSite\",\"@id\":\"https:\\\/\\\/metguard.com\\\/#website\",\"url\":\"https:\\\/\\\/metguard.com\\\/\",\"name\":\"Metguard\",\"description\":\"Worker foot protection\",\"potentialAction\":[{\"@type\":\"SearchAction\",\"target\":{\"@type\":\"EntryPoint\",\"urlTemplate\":\"https:\\\/\\\/metguard.com\\\/?s={search_term_string}\"},\"query-input\":{\"@type\":\"PropertyValueSpecification\",\"valueRequired\":true,\"valueName\":\"search_term_string\"}}],\"inLanguage\":\"en-US\"}]}<\/script>\n<!-- \/ Yoast SEO plugin. -->","yoast_head_json":{"title":"Blessure du m\u00e9tatarse - Metguard","robots":{"index":"index","follow":"follow","max-snippet":"max-snippet:-1","max-image-preview":"max-image-preview:large","max-video-preview":"max-video-preview:-1"},"canonical":"https:\/\/metguard.com\/?page_id=260&lang=fr","og_locale":"en_US","og_type":"article","og_title":"Blessure du m\u00e9tatarse - Metguard","og_description":"Les blessures du m\u00e9tatarse sont les blessures traumatiques du pied les plus fr\u00e9quentes et causent une douleur d\u00e9bilitante et des heures de travail perdues. Le m\u00e9tatarse est compos\u00e9 des cinq longs os du pied, num\u00e9rot\u00e9s \u00e0 partir du c\u00f4t\u00e9 m\u00e9dial. Le plus gros de ces os, le premier m\u00e9tatarsien, est le plus expos\u00e9 et le plus susceptible d&#8217;\u00eatre endommag\u00e9 par un contact avec une charge lourde. Cet os est le m\u00e9tatarsien attach\u00e9 \u00e0 &#8220;l&#8217;hallux&#8221;, ou gros orteil, et il assure la distribution du poids lors de la marche. Les quatres autres os, les m\u00e9tatarsiens 2 \u00e0 5 sont \u00e0 leur tour reli\u00e9s aux autres orteils du pied et nous aident [&hellip;]","og_url":"https:\/\/metguard.com\/?page_id=260&lang=fr","og_site_name":"Metguard","og_image":[{"width":677,"height":175,"url":"https:\/\/metguard.com\/wp-content\/uploads\/2014\/02\/metartarsal.jpg","type":"image\/jpeg"}],"twitter_card":"summary_large_image","twitter_misc":{"Est. reading time":"1 minute"},"schema":{"@context":"https:\/\/schema.org","@graph":[{"@type":"WebPage","@id":"https:\/\/metguard.com\/?page_id=260&lang=fr","url":"https:\/\/metguard.com\/?page_id=260&lang=fr","name":"Blessure du m\u00e9tatarse - Metguard","isPartOf":{"@id":"https:\/\/metguard.com\/#website"},"primaryImageOfPage":{"@id":"https:\/\/metguard.com\/?page_id=260&lang=fr#primaryimage"},"image":{"@id":"https:\/\/metguard.com\/?page_id=260&lang=fr#primaryimage"},"thumbnailUrl":"https:\/\/metguard.com\/wp-content\/uploads\/2014\/02\/metartarsal.jpg","datePublished":"2014-05-25T23:28:28+00:00","breadcrumb":{"@id":"https:\/\/metguard.com\/?page_id=260&lang=fr#breadcrumb"},"inLanguage":"en-US","potentialAction":[{"@type":"ReadAction","target":["https:\/\/metguard.com\/?page_id=260&lang=fr"]}]},{"@type":"ImageObject","inLanguage":"en-US","@id":"https:\/\/metguard.com\/?page_id=260&lang=fr#primaryimage","url":"https:\/\/metguard.com\/wp-content\/uploads\/2014\/02\/metartarsal.jpg","contentUrl":"https:\/\/metguard.com\/wp-content\/uploads\/2014\/02\/metartarsal.jpg","width":677,"height":175},{"@type":"BreadcrumbList","@id":"https:\/\/metguard.com\/?page_id=260&lang=fr#breadcrumb","itemListElement":[{"@type":"ListItem","position":1,"name":"Home","item":"https:\/\/metguard.com\/"},{"@type":"ListItem","position":2,"name":"Blessure du m\u00e9tatarse"}]},{"@type":"WebSite","@id":"https:\/\/metguard.com\/#website","url":"https:\/\/metguard.com\/","name":"Metguard","description":"Worker foot protection","potentialAction":[{"@type":"SearchAction","target":{"@type":"EntryPoint","urlTemplate":"https:\/\/metguard.com\/?s={search_term_string}"},"query-input":{"@type":"PropertyValueSpecification","valueRequired":true,"valueName":"search_term_string"}}],"inLanguage":"en-US"}]}},"_links":{"self":[{"href":"https:\/\/metguard.com\/index.php?rest_route=\/wp\/v2\/pages\/260","targetHints":{"allow":["GET"]}}],"collection":[{"href":"https:\/\/metguard.com\/index.php?rest_route=\/wp\/v2\/pages"}],"about":[{"href":"https:\/\/metguard.com\/index.php?rest_route=\/wp\/v2\/types\/page"}],"author":[{"embeddable":true,"href":"https:\/\/metguard.com\/index.php?rest_route=\/wp\/v2\/users\/1"}],"replies":[{"embeddable":true,"href":"https:\/\/metguard.com\/index.php?rest_route=%2Fwp%2Fv2%2Fcomments&post=260"}],"version-history":[{"count":1,"href":"https:\/\/metguard.com\/index.php?rest_route=\/wp\/v2\/pages\/260\/revisions"}],"predecessor-version":[{"id":261,"href":"https:\/\/metguard.com\/index.php?rest_route=\/wp\/v2\/pages\/260\/revisions\/261"}],"wp:featuredmedia":[{"embeddable":true,"href":"https:\/\/metguard.com\/index.php?rest_route=\/wp\/v2\/media\/191"}],"wp:attachment":[{"href":"https:\/\/metguard.com\/index.php?rest_route=%2Fwp%2Fv2%2Fmedia&parent=260"}],"curies":[{"name":"wp","href":"https:\/\/api.w.org\/{rel}","templated":true}]}}