{"id":256,"date":"2014-05-26T09:20:28","date_gmt":"2014-05-25T23:20:28","guid":{"rendered":"https:\/\/metguard.com\/wordpress\/?page_id=256"},"modified":"2025-05-06T13:11:01","modified_gmt":"2025-05-06T17:11:01","slug":"propos","status":"publish","type":"page","link":"https:\/\/metguard.com\/?page_id=256&lang=fr","title":{"rendered":"\u00c0 propos"},"content":{"rendered":"<p>La conception de MetGuard lui permet de s&#8217;adapter facilement \u00e0 tous types de chaussures de s\u00e9curit\u00e9 renforc\u00e9es. Il s&#8217;attache soit aux lacets existants de la chaussures, soit au moyen de courroies MetGuard. Il est con\u00e7u pour am\u00e9liorer la chaussure de s\u00e9curit\u00e9 tout en pr\u00e9servant ses propres normes de s\u00e9curit\u00e9.<\/p>\n<p>Test\u00e9 pour se conformer aux normes de r\u00e9sistance aux chocs m\u00e9tatarsiens, la languette du MetGuard repose sur le dessus de la chaussure de s\u00e9curit\u00e9 au point de charge, assurant la protection de la r\u00e9gion m\u00e9tatarsienne.<\/p>\n<p>Adapt\u00e9 \u00e0 l&#8217;utilisation dans tous les lieux de travail et secteurs, MetGuard est con\u00e7u pour prot\u00e9ger le dessus du pied des blessures du m\u00e9tatarse en d\u00e9viant l&#8217;impact des charges qui chutent ou roulent et en dispersant ou d\u00e9viant la charge d&#8217;impact.<\/p>\n<p><strong>Test\u00e9 d&#8217;apr\u00e8s les normes de r\u00e9sistance aux chocs m\u00e9tatarsiens:<\/strong><\/p>\n<ul>\n<li>F2412-05 ASTM clause 7, F2413-05 ASTM clause 5.3<\/li>\n<li>ISO 20344:2004 clause 5.16, ISO 20345:2004 clause 6.2.6<\/li>\n<li>AS\/NZS 2210.7 clause 4.5.2&#8242; usage sur chaussures AS\/NZS 2210.3 approuv\u00e9<\/li>\n<li>Test\u00e9 d&#8217;apr\u00e8s EN 13634:2004 clause 6.3, EN 14120:2007 clause 6.5<\/li>\n<li>Lorsqu&#8217;il est utilis\u00e9 en Europe, MetGuard doit \u00eatre utilis\u00e9 uniquement avec des chaussures certifi\u00e9es CE d&#8217;apr\u00e8s EN 20345, EN 20346 &amp; EN 20347 (chaussures de s\u00e9curit\u00e9 renforc\u00e9es aux normes ad\u00e9quates)<\/li>\n<\/ul>\n","protected":false},"excerpt":{"rendered":"<p>La conception de MetGuard lui permet de s&#8217;adapter facilement \u00e0 tous types de chaussures de s\u00e9curit\u00e9 renforc\u00e9es. Il s&#8217;attache soit aux lacets existants de la chaussures, soit au moyen de courroies MetGuard. Il est con\u00e7u pour am\u00e9liorer la chaussure de s\u00e9curit\u00e9 tout en pr\u00e9servant ses propres normes de s\u00e9curit\u00e9. Test\u00e9 pour se conformer aux normes de r\u00e9sistance aux chocs m\u00e9tatarsiens, la languette du MetGuard repose sur le dessus de la chaussure de s\u00e9curit\u00e9 au point de charge, assurant la protection de la r\u00e9gion m\u00e9tatarsienne. Adapt\u00e9 \u00e0 l&#8217;utilisation dans tous les lieux de travail et secteurs, MetGuard est con\u00e7u pour prot\u00e9ger le dessus du pied des blessures du m\u00e9tatarse en d\u00e9viant [&hellip;]<\/p>\n","protected":false},"author":1,"featured_media":186,"parent":0,"menu_order":0,"comment_status":"open","ping_status":"closed","template":"","meta":{"_acf_changed":false,"footnotes":""},"class_list":["post-256","page","type-page","status-publish","has-post-thumbnail","hentry"],"acf":[],"yoast_head":"<!-- This site is optimized with the Yoast SEO plugin v27.5 - https:\/\/yoast.com\/product\/yoast-seo-wordpress\/ -->\n<title>\u00c0 propos - Metguard<\/title>\n<meta name=\"robots\" content=\"index, follow, max-snippet:-1, max-image-preview:large, max-video-preview:-1\" \/>\n<link rel=\"canonical\" href=\"https:\/\/metguard.com\/?page_id=256&lang=fr\" \/>\n<meta property=\"og:locale\" content=\"en_US\" \/>\n<meta property=\"og:type\" content=\"article\" \/>\n<meta property=\"og:title\" content=\"\u00c0 propos - Metguard\" \/>\n<meta property=\"og:description\" content=\"La conception de MetGuard lui permet de s&#8217;adapter facilement \u00e0 tous types de chaussures de s\u00e9curit\u00e9 renforc\u00e9es. Il s&#8217;attache soit aux lacets existants de la chaussures, soit au moyen de courroies MetGuard. Il est con\u00e7u pour am\u00e9liorer la chaussure de s\u00e9curit\u00e9 tout en pr\u00e9servant ses propres normes de s\u00e9curit\u00e9. Test\u00e9 pour se conformer aux normes de r\u00e9sistance aux chocs m\u00e9tatarsiens, la languette du MetGuard repose sur le dessus de la chaussure de s\u00e9curit\u00e9 au point de charge, assurant la protection de la r\u00e9gion m\u00e9tatarsienne. Adapt\u00e9 \u00e0 l&#8217;utilisation dans tous les lieux de travail et secteurs, MetGuard est con\u00e7u pour prot\u00e9ger le dessus du pied des blessures du m\u00e9tatarse en d\u00e9viant [&hellip;]\" \/>\n<meta property=\"og:url\" content=\"https:\/\/metguard.com\/?page_id=256&amp;lang=fr\" \/>\n<meta property=\"og:site_name\" content=\"Metguard\" \/>\n<meta property=\"article:modified_time\" content=\"2025-05-06T17:11:01+00:00\" \/>\n<meta property=\"og:image\" content=\"https:\/\/metguard.com\/wp-content\/uploads\/2014\/02\/metguard-group.png\" \/>\n\t<meta property=\"og:image:width\" content=\"677\" \/>\n\t<meta property=\"og:image:height\" content=\"175\" \/>\n\t<meta property=\"og:image:type\" content=\"image\/png\" \/>\n<meta name=\"twitter:card\" content=\"summary_large_image\" \/>\n<meta name=\"twitter:label1\" content=\"Est. reading time\" \/>\n\t<meta name=\"twitter:data1\" content=\"1 minute\" \/>\n<script type=\"application\/ld+json\" class=\"yoast-schema-graph\">{\"@context\":\"https:\\\/\\\/schema.org\",\"@graph\":[{\"@type\":\"WebPage\",\"@id\":\"https:\\\/\\\/metguard.com\\\/?page_id=256&lang=fr\",\"url\":\"https:\\\/\\\/metguard.com\\\/?page_id=256&lang=fr\",\"name\":\"\u00c0 propos - Metguard\",\"isPartOf\":{\"@id\":\"https:\\\/\\\/metguard.com\\\/#website\"},\"primaryImageOfPage\":{\"@id\":\"https:\\\/\\\/metguard.com\\\/?page_id=256&lang=fr#primaryimage\"},\"image\":{\"@id\":\"https:\\\/\\\/metguard.com\\\/?page_id=256&lang=fr#primaryimage\"},\"thumbnailUrl\":\"https:\\\/\\\/metguard.com\\\/wp-content\\\/uploads\\\/2014\\\/02\\\/metguard-group.png\",\"datePublished\":\"2014-05-25T23:20:28+00:00\",\"dateModified\":\"2025-05-06T17:11:01+00:00\",\"breadcrumb\":{\"@id\":\"https:\\\/\\\/metguard.com\\\/?page_id=256&lang=fr#breadcrumb\"},\"inLanguage\":\"en-US\",\"potentialAction\":[{\"@type\":\"ReadAction\",\"target\":[\"https:\\\/\\\/metguard.com\\\/?page_id=256&lang=fr\"]}]},{\"@type\":\"ImageObject\",\"inLanguage\":\"en-US\",\"@id\":\"https:\\\/\\\/metguard.com\\\/?page_id=256&lang=fr#primaryimage\",\"url\":\"https:\\\/\\\/metguard.com\\\/wp-content\\\/uploads\\\/2014\\\/02\\\/metguard-group.png\",\"contentUrl\":\"https:\\\/\\\/metguard.com\\\/wp-content\\\/uploads\\\/2014\\\/02\\\/metguard-group.png\",\"width\":677,\"height\":175},{\"@type\":\"BreadcrumbList\",\"@id\":\"https:\\\/\\\/metguard.com\\\/?page_id=256&lang=fr#breadcrumb\",\"itemListElement\":[{\"@type\":\"ListItem\",\"position\":1,\"name\":\"Home\",\"item\":\"https:\\\/\\\/metguard.com\\\/\"},{\"@type\":\"ListItem\",\"position\":2,\"name\":\"\u00c0 propos\"}]},{\"@type\":\"WebSite\",\"@id\":\"https:\\\/\\\/metguard.com\\\/#website\",\"url\":\"https:\\\/\\\/metguard.com\\\/\",\"name\":\"Metguard\",\"description\":\"Worker foot protection\",\"potentialAction\":[{\"@type\":\"SearchAction\",\"target\":{\"@type\":\"EntryPoint\",\"urlTemplate\":\"https:\\\/\\\/metguard.com\\\/?s={search_term_string}\"},\"query-input\":{\"@type\":\"PropertyValueSpecification\",\"valueRequired\":true,\"valueName\":\"search_term_string\"}}],\"inLanguage\":\"en-US\"}]}<\/script>\n<!-- \/ Yoast SEO plugin. -->","yoast_head_json":{"title":"\u00c0 propos - Metguard","robots":{"index":"index","follow":"follow","max-snippet":"max-snippet:-1","max-image-preview":"max-image-preview:large","max-video-preview":"max-video-preview:-1"},"canonical":"https:\/\/metguard.com\/?page_id=256&lang=fr","og_locale":"en_US","og_type":"article","og_title":"\u00c0 propos - Metguard","og_description":"La conception de MetGuard lui permet de s&#8217;adapter facilement \u00e0 tous types de chaussures de s\u00e9curit\u00e9 renforc\u00e9es. Il s&#8217;attache soit aux lacets existants de la chaussures, soit au moyen de courroies MetGuard. Il est con\u00e7u pour am\u00e9liorer la chaussure de s\u00e9curit\u00e9 tout en pr\u00e9servant ses propres normes de s\u00e9curit\u00e9. Test\u00e9 pour se conformer aux normes de r\u00e9sistance aux chocs m\u00e9tatarsiens, la languette du MetGuard repose sur le dessus de la chaussure de s\u00e9curit\u00e9 au point de charge, assurant la protection de la r\u00e9gion m\u00e9tatarsienne. Adapt\u00e9 \u00e0 l&#8217;utilisation dans tous les lieux de travail et secteurs, MetGuard est con\u00e7u pour prot\u00e9ger le dessus du pied des blessures du m\u00e9tatarse en d\u00e9viant [&hellip;]","og_url":"https:\/\/metguard.com\/?page_id=256&lang=fr","og_site_name":"Metguard","article_modified_time":"2025-05-06T17:11:01+00:00","og_image":[{"width":677,"height":175,"url":"https:\/\/metguard.com\/wp-content\/uploads\/2014\/02\/metguard-group.png","type":"image\/png"}],"twitter_card":"summary_large_image","twitter_misc":{"Est. reading time":"1 minute"},"schema":{"@context":"https:\/\/schema.org","@graph":[{"@type":"WebPage","@id":"https:\/\/metguard.com\/?page_id=256&lang=fr","url":"https:\/\/metguard.com\/?page_id=256&lang=fr","name":"\u00c0 propos - Metguard","isPartOf":{"@id":"https:\/\/metguard.com\/#website"},"primaryImageOfPage":{"@id":"https:\/\/metguard.com\/?page_id=256&lang=fr#primaryimage"},"image":{"@id":"https:\/\/metguard.com\/?page_id=256&lang=fr#primaryimage"},"thumbnailUrl":"https:\/\/metguard.com\/wp-content\/uploads\/2014\/02\/metguard-group.png","datePublished":"2014-05-25T23:20:28+00:00","dateModified":"2025-05-06T17:11:01+00:00","breadcrumb":{"@id":"https:\/\/metguard.com\/?page_id=256&lang=fr#breadcrumb"},"inLanguage":"en-US","potentialAction":[{"@type":"ReadAction","target":["https:\/\/metguard.com\/?page_id=256&lang=fr"]}]},{"@type":"ImageObject","inLanguage":"en-US","@id":"https:\/\/metguard.com\/?page_id=256&lang=fr#primaryimage","url":"https:\/\/metguard.com\/wp-content\/uploads\/2014\/02\/metguard-group.png","contentUrl":"https:\/\/metguard.com\/wp-content\/uploads\/2014\/02\/metguard-group.png","width":677,"height":175},{"@type":"BreadcrumbList","@id":"https:\/\/metguard.com\/?page_id=256&lang=fr#breadcrumb","itemListElement":[{"@type":"ListItem","position":1,"name":"Home","item":"https:\/\/metguard.com\/"},{"@type":"ListItem","position":2,"name":"\u00c0 propos"}]},{"@type":"WebSite","@id":"https:\/\/metguard.com\/#website","url":"https:\/\/metguard.com\/","name":"Metguard","description":"Worker foot protection","potentialAction":[{"@type":"SearchAction","target":{"@type":"EntryPoint","urlTemplate":"https:\/\/metguard.com\/?s={search_term_string}"},"query-input":{"@type":"PropertyValueSpecification","valueRequired":true,"valueName":"search_term_string"}}],"inLanguage":"en-US"}]}},"_links":{"self":[{"href":"https:\/\/metguard.com\/index.php?rest_route=\/wp\/v2\/pages\/256","targetHints":{"allow":["GET"]}}],"collection":[{"href":"https:\/\/metguard.com\/index.php?rest_route=\/wp\/v2\/pages"}],"about":[{"href":"https:\/\/metguard.com\/index.php?rest_route=\/wp\/v2\/types\/page"}],"author":[{"embeddable":true,"href":"https:\/\/metguard.com\/index.php?rest_route=\/wp\/v2\/users\/1"}],"replies":[{"embeddable":true,"href":"https:\/\/metguard.com\/index.php?rest_route=%2Fwp%2Fv2%2Fcomments&post=256"}],"version-history":[{"count":1,"href":"https:\/\/metguard.com\/index.php?rest_route=\/wp\/v2\/pages\/256\/revisions"}],"predecessor-version":[{"id":257,"href":"https:\/\/metguard.com\/index.php?rest_route=\/wp\/v2\/pages\/256\/revisions\/257"}],"wp:featuredmedia":[{"embeddable":true,"href":"https:\/\/metguard.com\/index.php?rest_route=\/wp\/v2\/media\/186"}],"wp:attachment":[{"href":"https:\/\/metguard.com\/index.php?rest_route=%2Fwp%2Fv2%2Fmedia&parent=256"}],"curies":[{"name":"wp","href":"https:\/\/api.w.org\/{rel}","templated":true}]}}