{"id":204,"date":"2014-05-15T09:57:10","date_gmt":"2014-05-14T23:57:10","guid":{"rendered":"https:\/\/metguard.com\/wordpress\/?page_id=204"},"modified":"2014-05-26T09:06:21","modified_gmt":"2014-05-25T23:06:21","slug":"lesion-metatarsiana","status":"publish","type":"page","link":"https:\/\/metguard.com\/?page_id=204&lang=es","title":{"rendered":"Lesi\u00f3n metatarsiana"},"content":{"rendered":"<p>Las lesiones metatarsianas son las lesiones traum\u00e1ticas de pie m\u00e1s comunes, causando dolor debilitante y p\u00e9rdida de tiempo de trabajo.<\/p>\n<p>El metatarso est\u00e1 compuesto por cinco huesos del pie, que est\u00e1n numerados a partir del lado medial. El m\u00e1s largo de esos huesos, el primer hueso metatarsiano es el m\u00e1s el expuesto y m\u00e1s propenso a ser da\u00f1ado por el contacto de carga pesada. Este hueso es el metatarsiano que est\u00e1 ligado al &#8220;dedo grande&#8221;\u00a0 o dedo gordo y al hueso responsable de la distribuci\u00f3n del peso al caminar. Los siguientes cuatro huesos, del dos al cinco, est\u00e1n ligados por orden a los cuatro dedos restantes y ayudan al equilibrio al caminar. Estos huesos son protegidos por el Kanga Tuff- MetGuard para reducir o prevenir lesiones.<\/p>\n<p><strong>Datos de lesiones metatarsianas:<\/strong><\/p>\n<ul>\n<li>Es una lesi\u00f3n personal devastadora<\/li>\n<li>Dolorosa y debilitante<\/li>\n<li>Requiere un proceso de rehabilitaci\u00f3n a largo plazo<\/li>\n<li>Normalmente un largo Tiempo Improductivo por Lesi\u00f3n (TIL)<\/li>\n<li>Resulta un alto costo para los empleadores debido al tiempo de incapacidad de los trabajadores<\/li>\n<li>Los objetos que caen y ruedan son responsables de m\u00e1s del 73% de todas las lesiones a los pies.<\/li>\n<li>La mayor\u00eda de las lesiones son causadas por objetos que pesan menos de 20 kg. cayendo desde menos de un metro de altura.<\/li>\n<li>El 23% de las lesiones en los pies que ocurren a la gente usando un casquillo de acero generan da\u00f1o al \u00e1rea metatarsiana.<\/li>\n<\/ul>\n","protected":false},"excerpt":{"rendered":"<p>Las lesiones metatarsianas son las lesiones traum\u00e1ticas de pie m\u00e1s comunes, causando dolor debilitante y p\u00e9rdida de tiempo de trabajo. El metatarso est\u00e1 compuesto por cinco huesos del pie, que est\u00e1n numerados a partir del lado medial. El m\u00e1s largo de esos huesos, el primer hueso metatarsiano es el m\u00e1s el expuesto y m\u00e1s propenso a ser da\u00f1ado por el contacto de carga pesada. Este hueso es el metatarsiano que est\u00e1 ligado al &#8220;dedo grande&#8221;\u00a0 o dedo gordo y al hueso responsable de la distribuci\u00f3n del peso al caminar. Los siguientes cuatro huesos, del dos al cinco, est\u00e1n ligados por orden a los cuatro dedos restantes y ayudan al equilibrio [&hellip;]<\/p>\n","protected":false},"author":2,"featured_media":191,"parent":0,"menu_order":0,"comment_status":"open","ping_status":"closed","template":"","meta":{"_acf_changed":false,"footnotes":""},"class_list":["post-204","page","type-page","status-publish","has-post-thumbnail","hentry"],"acf":[],"yoast_head":"<!-- This site is optimized with the Yoast SEO plugin v27.5 - https:\/\/yoast.com\/product\/yoast-seo-wordpress\/ -->\n<title>Lesi\u00f3n metatarsiana - Metguard<\/title>\n<meta name=\"robots\" content=\"index, follow, max-snippet:-1, max-image-preview:large, max-video-preview:-1\" \/>\n<link rel=\"canonical\" href=\"https:\/\/metguard.com\/?page_id=204&lang=es\" \/>\n<meta property=\"og:locale\" content=\"en_US\" \/>\n<meta property=\"og:type\" content=\"article\" \/>\n<meta property=\"og:title\" content=\"Lesi\u00f3n metatarsiana - Metguard\" \/>\n<meta property=\"og:description\" content=\"Las lesiones metatarsianas son las lesiones traum\u00e1ticas de pie m\u00e1s comunes, causando dolor debilitante y p\u00e9rdida de tiempo de trabajo. El metatarso est\u00e1 compuesto por cinco huesos del pie, que est\u00e1n numerados a partir del lado medial. El m\u00e1s largo de esos huesos, el primer hueso metatarsiano es el m\u00e1s el expuesto y m\u00e1s propenso a ser da\u00f1ado por el contacto de carga pesada. Este hueso es el metatarsiano que est\u00e1 ligado al &#8220;dedo grande&#8221;\u00a0 o dedo gordo y al hueso responsable de la distribuci\u00f3n del peso al caminar. Los siguientes cuatro huesos, del dos al cinco, est\u00e1n ligados por orden a los cuatro dedos restantes y ayudan al equilibrio [&hellip;]\" \/>\n<meta property=\"og:url\" content=\"https:\/\/metguard.com\/?page_id=204&amp;lang=es\" \/>\n<meta property=\"og:site_name\" content=\"Metguard\" \/>\n<meta property=\"article:modified_time\" content=\"2014-05-25T23:06:21+00:00\" \/>\n<meta property=\"og:image\" content=\"https:\/\/metguard.com\/wp-content\/uploads\/2014\/02\/metartarsal.jpg\" \/>\n\t<meta property=\"og:image:width\" content=\"677\" \/>\n\t<meta property=\"og:image:height\" content=\"175\" \/>\n\t<meta property=\"og:image:type\" content=\"image\/jpeg\" \/>\n<meta name=\"twitter:card\" content=\"summary_large_image\" \/>\n<meta name=\"twitter:label1\" content=\"Est. reading time\" \/>\n\t<meta name=\"twitter:data1\" content=\"1 minute\" \/>\n<script type=\"application\/ld+json\" class=\"yoast-schema-graph\">{\"@context\":\"https:\\\/\\\/schema.org\",\"@graph\":[{\"@type\":\"WebPage\",\"@id\":\"https:\\\/\\\/metguard.com\\\/?page_id=204&lang=es\",\"url\":\"https:\\\/\\\/metguard.com\\\/?page_id=204&lang=es\",\"name\":\"Lesi\u00f3n metatarsiana - Metguard\",\"isPartOf\":{\"@id\":\"https:\\\/\\\/metguard.com\\\/#website\"},\"primaryImageOfPage\":{\"@id\":\"https:\\\/\\\/metguard.com\\\/?page_id=204&lang=es#primaryimage\"},\"image\":{\"@id\":\"https:\\\/\\\/metguard.com\\\/?page_id=204&lang=es#primaryimage\"},\"thumbnailUrl\":\"https:\\\/\\\/metguard.com\\\/wp-content\\\/uploads\\\/2014\\\/02\\\/metartarsal.jpg\",\"datePublished\":\"2014-05-14T23:57:10+00:00\",\"dateModified\":\"2014-05-25T23:06:21+00:00\",\"breadcrumb\":{\"@id\":\"https:\\\/\\\/metguard.com\\\/?page_id=204&lang=es#breadcrumb\"},\"inLanguage\":\"en-US\",\"potentialAction\":[{\"@type\":\"ReadAction\",\"target\":[\"https:\\\/\\\/metguard.com\\\/?page_id=204&lang=es\"]}]},{\"@type\":\"ImageObject\",\"inLanguage\":\"en-US\",\"@id\":\"https:\\\/\\\/metguard.com\\\/?page_id=204&lang=es#primaryimage\",\"url\":\"https:\\\/\\\/metguard.com\\\/wp-content\\\/uploads\\\/2014\\\/02\\\/metartarsal.jpg\",\"contentUrl\":\"https:\\\/\\\/metguard.com\\\/wp-content\\\/uploads\\\/2014\\\/02\\\/metartarsal.jpg\",\"width\":677,\"height\":175},{\"@type\":\"BreadcrumbList\",\"@id\":\"https:\\\/\\\/metguard.com\\\/?page_id=204&lang=es#breadcrumb\",\"itemListElement\":[{\"@type\":\"ListItem\",\"position\":1,\"name\":\"Home\",\"item\":\"https:\\\/\\\/metguard.com\\\/\"},{\"@type\":\"ListItem\",\"position\":2,\"name\":\"Lesi\u00f3n metatarsiana\"}]},{\"@type\":\"WebSite\",\"@id\":\"https:\\\/\\\/metguard.com\\\/#website\",\"url\":\"https:\\\/\\\/metguard.com\\\/\",\"name\":\"Metguard\",\"description\":\"Worker foot protection\",\"potentialAction\":[{\"@type\":\"SearchAction\",\"target\":{\"@type\":\"EntryPoint\",\"urlTemplate\":\"https:\\\/\\\/metguard.com\\\/?s={search_term_string}\"},\"query-input\":{\"@type\":\"PropertyValueSpecification\",\"valueRequired\":true,\"valueName\":\"search_term_string\"}}],\"inLanguage\":\"en-US\"}]}<\/script>\n<!-- \/ Yoast SEO plugin. -->","yoast_head_json":{"title":"Lesi\u00f3n metatarsiana - Metguard","robots":{"index":"index","follow":"follow","max-snippet":"max-snippet:-1","max-image-preview":"max-image-preview:large","max-video-preview":"max-video-preview:-1"},"canonical":"https:\/\/metguard.com\/?page_id=204&lang=es","og_locale":"en_US","og_type":"article","og_title":"Lesi\u00f3n metatarsiana - Metguard","og_description":"Las lesiones metatarsianas son las lesiones traum\u00e1ticas de pie m\u00e1s comunes, causando dolor debilitante y p\u00e9rdida de tiempo de trabajo. El metatarso est\u00e1 compuesto por cinco huesos del pie, que est\u00e1n numerados a partir del lado medial. El m\u00e1s largo de esos huesos, el primer hueso metatarsiano es el m\u00e1s el expuesto y m\u00e1s propenso a ser da\u00f1ado por el contacto de carga pesada. Este hueso es el metatarsiano que est\u00e1 ligado al &#8220;dedo grande&#8221;\u00a0 o dedo gordo y al hueso responsable de la distribuci\u00f3n del peso al caminar. Los siguientes cuatro huesos, del dos al cinco, est\u00e1n ligados por orden a los cuatro dedos restantes y ayudan al equilibrio [&hellip;]","og_url":"https:\/\/metguard.com\/?page_id=204&lang=es","og_site_name":"Metguard","article_modified_time":"2014-05-25T23:06:21+00:00","og_image":[{"width":677,"height":175,"url":"https:\/\/metguard.com\/wp-content\/uploads\/2014\/02\/metartarsal.jpg","type":"image\/jpeg"}],"twitter_card":"summary_large_image","twitter_misc":{"Est. reading time":"1 minute"},"schema":{"@context":"https:\/\/schema.org","@graph":[{"@type":"WebPage","@id":"https:\/\/metguard.com\/?page_id=204&lang=es","url":"https:\/\/metguard.com\/?page_id=204&lang=es","name":"Lesi\u00f3n metatarsiana - Metguard","isPartOf":{"@id":"https:\/\/metguard.com\/#website"},"primaryImageOfPage":{"@id":"https:\/\/metguard.com\/?page_id=204&lang=es#primaryimage"},"image":{"@id":"https:\/\/metguard.com\/?page_id=204&lang=es#primaryimage"},"thumbnailUrl":"https:\/\/metguard.com\/wp-content\/uploads\/2014\/02\/metartarsal.jpg","datePublished":"2014-05-14T23:57:10+00:00","dateModified":"2014-05-25T23:06:21+00:00","breadcrumb":{"@id":"https:\/\/metguard.com\/?page_id=204&lang=es#breadcrumb"},"inLanguage":"en-US","potentialAction":[{"@type":"ReadAction","target":["https:\/\/metguard.com\/?page_id=204&lang=es"]}]},{"@type":"ImageObject","inLanguage":"en-US","@id":"https:\/\/metguard.com\/?page_id=204&lang=es#primaryimage","url":"https:\/\/metguard.com\/wp-content\/uploads\/2014\/02\/metartarsal.jpg","contentUrl":"https:\/\/metguard.com\/wp-content\/uploads\/2014\/02\/metartarsal.jpg","width":677,"height":175},{"@type":"BreadcrumbList","@id":"https:\/\/metguard.com\/?page_id=204&lang=es#breadcrumb","itemListElement":[{"@type":"ListItem","position":1,"name":"Home","item":"https:\/\/metguard.com\/"},{"@type":"ListItem","position":2,"name":"Lesi\u00f3n metatarsiana"}]},{"@type":"WebSite","@id":"https:\/\/metguard.com\/#website","url":"https:\/\/metguard.com\/","name":"Metguard","description":"Worker foot protection","potentialAction":[{"@type":"SearchAction","target":{"@type":"EntryPoint","urlTemplate":"https:\/\/metguard.com\/?s={search_term_string}"},"query-input":{"@type":"PropertyValueSpecification","valueRequired":true,"valueName":"search_term_string"}}],"inLanguage":"en-US"}]}},"_links":{"self":[{"href":"https:\/\/metguard.com\/index.php?rest_route=\/wp\/v2\/pages\/204","targetHints":{"allow":["GET"]}}],"collection":[{"href":"https:\/\/metguard.com\/index.php?rest_route=\/wp\/v2\/pages"}],"about":[{"href":"https:\/\/metguard.com\/index.php?rest_route=\/wp\/v2\/types\/page"}],"author":[{"embeddable":true,"href":"https:\/\/metguard.com\/index.php?rest_route=\/wp\/v2\/users\/2"}],"replies":[{"embeddable":true,"href":"https:\/\/metguard.com\/index.php?rest_route=%2Fwp%2Fv2%2Fcomments&post=204"}],"version-history":[{"count":4,"href":"https:\/\/metguard.com\/index.php?rest_route=\/wp\/v2\/pages\/204\/revisions"}],"predecessor-version":[{"id":246,"href":"https:\/\/metguard.com\/index.php?rest_route=\/wp\/v2\/pages\/204\/revisions\/246"}],"wp:featuredmedia":[{"embeddable":true,"href":"https:\/\/metguard.com\/index.php?rest_route=\/wp\/v2\/media\/191"}],"wp:attachment":[{"href":"https:\/\/metguard.com\/index.php?rest_route=%2Fwp%2Fv2%2Fmedia&parent=204"}],"curies":[{"name":"wp","href":"https:\/\/api.w.org\/{rel}","templated":true}]}}