{"id":197,"date":"2014-05-15T09:43:25","date_gmt":"2014-05-14T23:43:25","guid":{"rendered":"https:\/\/metguard.com\/wordpress\/?page_id=197"},"modified":"2014-05-15T10:06:32","modified_gmt":"2014-05-15T00:06:32","slug":"acerca-de-metguard","status":"publish","type":"page","link":"https:\/\/metguard.com\/?page_id=197&lang=es","title":{"rendered":"Acerca de MetGuard"},"content":{"rendered":"<p>El dise\u00f1o de MetGuard permite ser ajustado f\u00e1cilmente a todos los tipos de calzado de seguridad. Se une tanto con las cintas del calzado como con las correas Metguard. Ha sido dise\u00f1ado para complementar el calzado de seguridad y para mantener los propios est\u00e1ndares de seguridad del calzado.<\/p>\n<p>Probado para ajustarse a los est\u00e1ndares de Resistencia al Impacto Metatarsiano, el borde del MetGuard se asienta al casquillo de los dedos en el punto de carga, brindando protecci\u00f3n para la regi\u00f3n metatarsiana.<\/p>\n<p>Ajustable para usar en todos los lugares de trabajo e industrias, el MetGuard fue dise\u00f1ado para proteger la parte superior del pie de lesiones metatarsianas, al desviar el impacto de cargas que caen o ruedan y al distribuir o desviar la carga del impacto.<\/p>\n<p>Probado para los Est\u00e1ndares de Resistencia Metatarsiana al Impacto:<\/p>\n<ul>\n<li>F2412-05 ASTM Cl\u00e1usula 7, F2413-05 ASTM Cl\u00e1usula 5.3<\/li>\n<li>ISO 20344:2004 Cl\u00e1usula 5.16, ISO 20345:2004 Cl\u00e1usula 6.2.6<\/li>\n<li>AS\/NZS 2210.7 Cl\u00e1usula 4.5.2 \u2018 aprobado para su uso en el calzado AS\/NZS 2210.3.<\/li>\n<li>Probado para EN 13634:2004 Cl\u00e1usula 6.3, EN 14120:2007 Cl\u00e1usula 6.5<\/li>\n<li>Cuando se use en Europa, el MetGuard \u00fanicamente debe ser usado con calzado certificado CE de acuerdo a EN 20345, EN 20346 y a EN 20347 (est\u00e1ndares relevantes aprobados para el calzado de seguridad)<\/li>\n<\/ul>\n","protected":false},"excerpt":{"rendered":"<p>El dise\u00f1o de MetGuard permite ser ajustado f\u00e1cilmente a todos los tipos de calzado de seguridad. Se une tanto con las cintas del calzado como con las correas Metguard. Ha sido dise\u00f1ado para complementar el calzado de seguridad y para mantener los propios est\u00e1ndares de seguridad del calzado. Probado para ajustarse a los est\u00e1ndares de Resistencia al Impacto Metatarsiano, el borde del MetGuard se asienta al casquillo de los dedos en el punto de carga, brindando protecci\u00f3n para la regi\u00f3n metatarsiana. Ajustable para usar en todos los lugares de trabajo e industrias, el MetGuard fue dise\u00f1ado para proteger la parte superior del pie de lesiones metatarsianas, al desviar el impacto [&hellip;]<\/p>\n","protected":false},"author":2,"featured_media":186,"parent":0,"menu_order":0,"comment_status":"open","ping_status":"closed","template":"","meta":{"_acf_changed":false,"footnotes":""},"class_list":["post-197","page","type-page","status-publish","has-post-thumbnail","hentry"],"acf":[],"yoast_head":"<!-- This site is optimized with the Yoast SEO plugin v27.5 - https:\/\/yoast.com\/product\/yoast-seo-wordpress\/ -->\n<title>Acerca de MetGuard<\/title>\n<meta name=\"robots\" content=\"index, follow, max-snippet:-1, max-image-preview:large, max-video-preview:-1\" \/>\n<link rel=\"canonical\" href=\"https:\/\/metguard.com\/?page_id=197&lang=es\" \/>\n<meta property=\"og:locale\" content=\"en_US\" \/>\n<meta property=\"og:type\" content=\"article\" \/>\n<meta property=\"og:title\" content=\"Acerca de MetGuard\" \/>\n<meta property=\"og:description\" content=\"El dise\u00f1o de MetGuard permite ser ajustado f\u00e1cilmente a todos los tipos de calzado de seguridad. Se une tanto con las cintas del calzado como con las correas Metguard. Ha sido dise\u00f1ado para complementar el calzado de seguridad y para mantener los propios est\u00e1ndares de seguridad del calzado. Probado para ajustarse a los est\u00e1ndares de Resistencia al Impacto Metatarsiano, el borde del MetGuard se asienta al casquillo de los dedos en el punto de carga, brindando protecci\u00f3n para la regi\u00f3n metatarsiana. Ajustable para usar en todos los lugares de trabajo e industrias, el MetGuard fue dise\u00f1ado para proteger la parte superior del pie de lesiones metatarsianas, al desviar el impacto [&hellip;]\" \/>\n<meta property=\"og:url\" content=\"https:\/\/metguard.com\/?page_id=197&amp;lang=es\" \/>\n<meta property=\"og:site_name\" content=\"Metguard\" \/>\n<meta property=\"article:modified_time\" content=\"2014-05-15T00:06:32+00:00\" \/>\n<meta property=\"og:image\" content=\"https:\/\/metguard.com\/wp-content\/uploads\/2014\/02\/metguard-group.png\" \/>\n\t<meta property=\"og:image:width\" content=\"677\" \/>\n\t<meta property=\"og:image:height\" content=\"175\" \/>\n\t<meta property=\"og:image:type\" content=\"image\/png\" \/>\n<meta name=\"twitter:card\" content=\"summary_large_image\" \/>\n<meta name=\"twitter:label1\" content=\"Est. reading time\" \/>\n\t<meta name=\"twitter:data1\" content=\"1 minute\" \/>\n<script type=\"application\/ld+json\" class=\"yoast-schema-graph\">{\"@context\":\"https:\\\/\\\/schema.org\",\"@graph\":[{\"@type\":\"WebPage\",\"@id\":\"https:\\\/\\\/metguard.com\\\/?page_id=197&lang=es\",\"url\":\"https:\\\/\\\/metguard.com\\\/?page_id=197&lang=es\",\"name\":\"Acerca de MetGuard\",\"isPartOf\":{\"@id\":\"https:\\\/\\\/metguard.com\\\/#website\"},\"primaryImageOfPage\":{\"@id\":\"https:\\\/\\\/metguard.com\\\/?page_id=197&lang=es#primaryimage\"},\"image\":{\"@id\":\"https:\\\/\\\/metguard.com\\\/?page_id=197&lang=es#primaryimage\"},\"thumbnailUrl\":\"https:\\\/\\\/metguard.com\\\/wp-content\\\/uploads\\\/2014\\\/02\\\/metguard-group.png\",\"datePublished\":\"2014-05-14T23:43:25+00:00\",\"dateModified\":\"2014-05-15T00:06:32+00:00\",\"breadcrumb\":{\"@id\":\"https:\\\/\\\/metguard.com\\\/?page_id=197&lang=es#breadcrumb\"},\"inLanguage\":\"en-US\",\"potentialAction\":[{\"@type\":\"ReadAction\",\"target\":[\"https:\\\/\\\/metguard.com\\\/?page_id=197&lang=es\"]}]},{\"@type\":\"ImageObject\",\"inLanguage\":\"en-US\",\"@id\":\"https:\\\/\\\/metguard.com\\\/?page_id=197&lang=es#primaryimage\",\"url\":\"https:\\\/\\\/metguard.com\\\/wp-content\\\/uploads\\\/2014\\\/02\\\/metguard-group.png\",\"contentUrl\":\"https:\\\/\\\/metguard.com\\\/wp-content\\\/uploads\\\/2014\\\/02\\\/metguard-group.png\",\"width\":677,\"height\":175},{\"@type\":\"BreadcrumbList\",\"@id\":\"https:\\\/\\\/metguard.com\\\/?page_id=197&lang=es#breadcrumb\",\"itemListElement\":[{\"@type\":\"ListItem\",\"position\":1,\"name\":\"Home\",\"item\":\"https:\\\/\\\/metguard.com\\\/\"},{\"@type\":\"ListItem\",\"position\":2,\"name\":\"Acerca de MetGuard\"}]},{\"@type\":\"WebSite\",\"@id\":\"https:\\\/\\\/metguard.com\\\/#website\",\"url\":\"https:\\\/\\\/metguard.com\\\/\",\"name\":\"Metguard\",\"description\":\"Worker foot protection\",\"potentialAction\":[{\"@type\":\"SearchAction\",\"target\":{\"@type\":\"EntryPoint\",\"urlTemplate\":\"https:\\\/\\\/metguard.com\\\/?s={search_term_string}\"},\"query-input\":{\"@type\":\"PropertyValueSpecification\",\"valueRequired\":true,\"valueName\":\"search_term_string\"}}],\"inLanguage\":\"en-US\"}]}<\/script>\n<!-- \/ Yoast SEO plugin. -->","yoast_head_json":{"title":"Acerca de MetGuard","robots":{"index":"index","follow":"follow","max-snippet":"max-snippet:-1","max-image-preview":"max-image-preview:large","max-video-preview":"max-video-preview:-1"},"canonical":"https:\/\/metguard.com\/?page_id=197&lang=es","og_locale":"en_US","og_type":"article","og_title":"Acerca de MetGuard","og_description":"El dise\u00f1o de MetGuard permite ser ajustado f\u00e1cilmente a todos los tipos de calzado de seguridad. Se une tanto con las cintas del calzado como con las correas Metguard. Ha sido dise\u00f1ado para complementar el calzado de seguridad y para mantener los propios est\u00e1ndares de seguridad del calzado. Probado para ajustarse a los est\u00e1ndares de Resistencia al Impacto Metatarsiano, el borde del MetGuard se asienta al casquillo de los dedos en el punto de carga, brindando protecci\u00f3n para la regi\u00f3n metatarsiana. Ajustable para usar en todos los lugares de trabajo e industrias, el MetGuard fue dise\u00f1ado para proteger la parte superior del pie de lesiones metatarsianas, al desviar el impacto [&hellip;]","og_url":"https:\/\/metguard.com\/?page_id=197&lang=es","og_site_name":"Metguard","article_modified_time":"2014-05-15T00:06:32+00:00","og_image":[{"width":677,"height":175,"url":"https:\/\/metguard.com\/wp-content\/uploads\/2014\/02\/metguard-group.png","type":"image\/png"}],"twitter_card":"summary_large_image","twitter_misc":{"Est. reading time":"1 minute"},"schema":{"@context":"https:\/\/schema.org","@graph":[{"@type":"WebPage","@id":"https:\/\/metguard.com\/?page_id=197&lang=es","url":"https:\/\/metguard.com\/?page_id=197&lang=es","name":"Acerca de MetGuard","isPartOf":{"@id":"https:\/\/metguard.com\/#website"},"primaryImageOfPage":{"@id":"https:\/\/metguard.com\/?page_id=197&lang=es#primaryimage"},"image":{"@id":"https:\/\/metguard.com\/?page_id=197&lang=es#primaryimage"},"thumbnailUrl":"https:\/\/metguard.com\/wp-content\/uploads\/2014\/02\/metguard-group.png","datePublished":"2014-05-14T23:43:25+00:00","dateModified":"2014-05-15T00:06:32+00:00","breadcrumb":{"@id":"https:\/\/metguard.com\/?page_id=197&lang=es#breadcrumb"},"inLanguage":"en-US","potentialAction":[{"@type":"ReadAction","target":["https:\/\/metguard.com\/?page_id=197&lang=es"]}]},{"@type":"ImageObject","inLanguage":"en-US","@id":"https:\/\/metguard.com\/?page_id=197&lang=es#primaryimage","url":"https:\/\/metguard.com\/wp-content\/uploads\/2014\/02\/metguard-group.png","contentUrl":"https:\/\/metguard.com\/wp-content\/uploads\/2014\/02\/metguard-group.png","width":677,"height":175},{"@type":"BreadcrumbList","@id":"https:\/\/metguard.com\/?page_id=197&lang=es#breadcrumb","itemListElement":[{"@type":"ListItem","position":1,"name":"Home","item":"https:\/\/metguard.com\/"},{"@type":"ListItem","position":2,"name":"Acerca de MetGuard"}]},{"@type":"WebSite","@id":"https:\/\/metguard.com\/#website","url":"https:\/\/metguard.com\/","name":"Metguard","description":"Worker foot protection","potentialAction":[{"@type":"SearchAction","target":{"@type":"EntryPoint","urlTemplate":"https:\/\/metguard.com\/?s={search_term_string}"},"query-input":{"@type":"PropertyValueSpecification","valueRequired":true,"valueName":"search_term_string"}}],"inLanguage":"en-US"}]}},"_links":{"self":[{"href":"https:\/\/metguard.com\/index.php?rest_route=\/wp\/v2\/pages\/197","targetHints":{"allow":["GET"]}}],"collection":[{"href":"https:\/\/metguard.com\/index.php?rest_route=\/wp\/v2\/pages"}],"about":[{"href":"https:\/\/metguard.com\/index.php?rest_route=\/wp\/v2\/types\/page"}],"author":[{"embeddable":true,"href":"https:\/\/metguard.com\/index.php?rest_route=\/wp\/v2\/users\/2"}],"replies":[{"embeddable":true,"href":"https:\/\/metguard.com\/index.php?rest_route=%2Fwp%2Fv2%2Fcomments&post=197"}],"version-history":[{"count":5,"href":"https:\/\/metguard.com\/index.php?rest_route=\/wp\/v2\/pages\/197\/revisions"}],"predecessor-version":[{"id":221,"href":"https:\/\/metguard.com\/index.php?rest_route=\/wp\/v2\/pages\/197\/revisions\/221"}],"wp:featuredmedia":[{"embeddable":true,"href":"https:\/\/metguard.com\/index.php?rest_route=\/wp\/v2\/media\/186"}],"wp:attachment":[{"href":"https:\/\/metguard.com\/index.php?rest_route=%2Fwp%2Fv2%2Fmedia&parent=197"}],"curies":[{"name":"wp","href":"https:\/\/api.w.org\/{rel}","templated":true}]}}